{"id":7675,"date":"2024-09-27T16:14:36","date_gmt":"2024-09-27T14:14:36","guid":{"rendered":"https:\/\/jaime-save.geekworkers.dev\/?post_type=product&#038;p=7675"},"modified":"2026-03-03T09:54:27","modified_gmt":"2026-03-03T08:54:27","slug":"n96-pain-depices-format-180ml","status":"publish","type":"product","link":"https:\/\/jaimeconcept.ch\/en\/product\/n96-pain-depices-format-180ml\/","title":{"rendered":"N\u00b096 - Gingerbread - Format : 180ml"},"content":{"rendered":"<table width=\"2047\">\n<tbody>\n<tr>\n<td width=\"2047\">Transportez vos sens dans l&#8217;atmosph\u00e8re d\u00e9licieusement festive d&#8217;un pain d&#8217;\u00e9pices fra\u00eechement sorti du four. Laissez-vous envo\u00fbter par les notes chaleureuses de cannelle et de gingembre qui se m\u00ealent harmonieusement pour cr\u00e9er une exp\u00e9rience olfactive gourmande et r\u00e9confortante.<\/td>\n<\/tr>\n<\/tbody>\n<\/table>","protected":false},"excerpt":{"rendered":"<p>Transportez vos sens dans l&#8217;atmosph\u00e8re d\u00e9licieusement festive d&#8217;un pain d&#8217;\u00e9pices fra\u00eechement sorti du four. Laissez-vous envo\u00fbter par les notes chaleureuses de cannelle et de gingembre qui se m\u00ealent harmonieusement pour cr\u00e9er une exp\u00e9rience olfactive gourmande et r\u00e9confortante.<\/p>","protected":false},"featured_media":7596,"comment_status":"closed","ping_status":"closed","template":"","meta":[],"product_brand":[540],"product_cat":[80],"product_tag":[510],"class_list":{"0":"post-7675","1":"product","2":"type-product","3":"status-publish","4":"has-post-thumbnail","6":"product_brand-hello-candle","7":"product_cat-bougies","8":"product_tag-featured-combo","9":"pa_fournisseur-hello-candle","11":"first","12":"instock","13":"taxable","14":"shipping-taxable","15":"purchasable","16":"product-type-simple"},"_links":{"self":[{"href":"https:\/\/jaimeconcept.ch\/en\/wp-json\/wp\/v2\/product\/7675","targetHints":{"allow":["GET"]}}],"collection":[{"href":"https:\/\/jaimeconcept.ch\/en\/wp-json\/wp\/v2\/product"}],"about":[{"href":"https:\/\/jaimeconcept.ch\/en\/wp-json\/wp\/v2\/types\/product"}],"replies":[{"embeddable":true,"href":"https:\/\/jaimeconcept.ch\/en\/wp-json\/wp\/v2\/comments?post=7675"}],"wp:featuredmedia":[{"embeddable":true,"href":"https:\/\/jaimeconcept.ch\/en\/wp-json\/wp\/v2\/media\/7596"}],"wp:attachment":[{"href":"https:\/\/jaimeconcept.ch\/en\/wp-json\/wp\/v2\/media?parent=7675"}],"wp:term":[{"taxonomy":"product_brand","embeddable":true,"href":"https:\/\/jaimeconcept.ch\/en\/wp-json\/wp\/v2\/product_brand?post=7675"},{"taxonomy":"product_cat","embeddable":true,"href":"https:\/\/jaimeconcept.ch\/en\/wp-json\/wp\/v2\/product_cat?post=7675"},{"taxonomy":"product_tag","embeddable":true,"href":"https:\/\/jaimeconcept.ch\/en\/wp-json\/wp\/v2\/product_tag?post=7675"}],"curies":[{"name":"wp","href":"https:\/\/api.w.org\/{rel}","templated":true}]}}