{"id":7674,"date":"2024-09-27T16:14:36","date_gmt":"2024-09-27T14:14:36","guid":{"rendered":"https:\/\/jaime-save.geekworkers.dev\/?post_type=product&#038;p=7674"},"modified":"2026-04-26T12:38:20","modified_gmt":"2026-04-26T10:38:20","slug":"n94-souvenirs-de-noel-format-500ml","status":"publish","type":"product","link":"https:\/\/jaimeconcept.ch\/en\/product\/n94-souvenirs-de-noel-format-500ml\/","title":{"rendered":"N\u00b094 - Christmas Memories - Format : 500ml"},"content":{"rendered":"<table width=\"2047\">\n<tbody>\n<tr>\n<td width=\"2047\">D\u00e9couvrez &#8220;Souvenirs de No\u00ebl&#8221;, une symphonie olfactive qui capture l&#8217;esprit enchanteur des f\u00eates. Les douces notes de cannelle et d&#8217;orange s&#8217;entrelacent harmonieusement, cr\u00e9ant une ambiance chaleureuse et r\u00e9confortante. Laissez-vous transporter vers des souvenirs nostalgiques, \u00e9veillant la magie de No\u00ebl \u00e0 chaque bougie allum\u00e9e.<\/td>\n<\/tr>\n<\/tbody>\n<\/table>","protected":false},"excerpt":{"rendered":"<p>D\u00e9couvrez &#8220;Souvenirs de No\u00ebl&#8221;, une symphonie olfactive qui capture l&#8217;esprit enchanteur des f\u00eates. Les douces notes de cannelle et d&#8217;orange s&#8217;entrelacent harmonieusement, cr\u00e9ant une ambiance chaleureuse et r\u00e9confortante. Laissez-vous transporter vers des souvenirs nostalgiques, \u00e9veillant la magie de No\u00ebl \u00e0 chaque bougie allum\u00e9e.<\/p>","protected":false},"featured_media":7616,"comment_status":"closed","ping_status":"closed","template":"","meta":[],"product_brand":[540],"product_cat":[80],"product_tag":[],"class_list":{"0":"post-7674","1":"product","2":"type-product","3":"status-publish","4":"has-post-thumbnail","6":"product_brand-hello-candle","7":"product_cat-bougies","8":"pa_fournisseur-hello-candle","10":"first","11":"instock","12":"taxable","13":"shipping-taxable","14":"purchasable","15":"product-type-simple"},"_links":{"self":[{"href":"https:\/\/jaimeconcept.ch\/en\/wp-json\/wp\/v2\/product\/7674","targetHints":{"allow":["GET"]}}],"collection":[{"href":"https:\/\/jaimeconcept.ch\/en\/wp-json\/wp\/v2\/product"}],"about":[{"href":"https:\/\/jaimeconcept.ch\/en\/wp-json\/wp\/v2\/types\/product"}],"replies":[{"embeddable":true,"href":"https:\/\/jaimeconcept.ch\/en\/wp-json\/wp\/v2\/comments?post=7674"}],"wp:featuredmedia":[{"embeddable":true,"href":"https:\/\/jaimeconcept.ch\/en\/wp-json\/wp\/v2\/media\/7616"}],"wp:attachment":[{"href":"https:\/\/jaimeconcept.ch\/en\/wp-json\/wp\/v2\/media?parent=7674"}],"wp:term":[{"taxonomy":"product_brand","embeddable":true,"href":"https:\/\/jaimeconcept.ch\/en\/wp-json\/wp\/v2\/product_brand?post=7674"},{"taxonomy":"product_cat","embeddable":true,"href":"https:\/\/jaimeconcept.ch\/en\/wp-json\/wp\/v2\/product_cat?post=7674"},{"taxonomy":"product_tag","embeddable":true,"href":"https:\/\/jaimeconcept.ch\/en\/wp-json\/wp\/v2\/product_tag?post=7674"}],"curies":[{"name":"wp","href":"https:\/\/api.w.org\/{rel}","templated":true}]}}