{"id":7671,"date":"2025-04-02T10:12:18","date_gmt":"2025-04-02T08:12:18","guid":{"rendered":"https:\/\/jaime-save.geekworkers.dev\/?post_type=product&#038;p=7671"},"modified":"2026-04-04T11:41:55","modified_gmt":"2026-04-04T09:41:55","slug":"n75-bois-debene-format-180ml","status":"publish","type":"product","link":"https:\/\/jaimeconcept.ch\/en\/product\/n75-bois-debene-format-180ml\/","title":{"rendered":"N\u00b075 - Ebony Wood - Format : 180ml"},"content":{"rendered":"<table width=\"2047\">\n<tbody>\n<tr>\n<td width=\"2047\">Voyagez au c\u0153ur de l&#8217;Afrique mystique, o\u00f9 le bois d&#8217;\u00e9b\u00e8ne d\u00e9voile ses secrets anciens. Impr\u00e9gn\u00e9 de la richesse de ses terres, ce parfum r\u00e9v\u00e8le les senteurs sauvages de la savane, l&#8217;ombre fra\u00eeche des baobabs mill\u00e9naires et le murmure des l\u00e9gendes tribales. Laissez-vous captiver par cette fragrance qui transcende le temps et l&#8217;espace, r\u00e9veillant en vous le d\u00e9sir d&#8217;explorer les horizons inconnus de l&#8217;Afrique \u00e9ternelle.<\/td>\n<\/tr>\n<\/tbody>\n<\/table>","protected":false},"excerpt":{"rendered":"<p>Voyagez au c\u0153ur de l&#8217;Afrique mystique, o\u00f9 le bois d&#8217;\u00e9b\u00e8ne d\u00e9voile ses secrets anciens. Impr\u00e9gn\u00e9 de la richesse de ses terres, ce parfum r\u00e9v\u00e8le les senteurs sauvages de la savane, l&#8217;ombre fra\u00eeche des baobabs mill\u00e9naires et le murmure des l\u00e9gendes tribales. Laissez-vous captiver par cette fragrance qui transcende le temps et l&#8217;espace, r\u00e9veillant en vous [&hellip;]<\/p>\n","protected":false},"featured_media":7593,"comment_status":"closed","ping_status":"closed","template":"","meta":[],"product_brand":[540],"product_cat":[80],"product_tag":[],"class_list":{"0":"post-7671","1":"product","2":"type-product","3":"status-publish","4":"has-post-thumbnail","6":"product_brand-hello-candle","7":"product_cat-bougies","8":"pa_fournisseur-hello-candle","10":"first","11":"instock","12":"taxable","13":"shipping-taxable","14":"purchasable","15":"product-type-simple"},"_links":{"self":[{"href":"https:\/\/jaimeconcept.ch\/en\/wp-json\/wp\/v2\/product\/7671","targetHints":{"allow":["GET"]}}],"collection":[{"href":"https:\/\/jaimeconcept.ch\/en\/wp-json\/wp\/v2\/product"}],"about":[{"href":"https:\/\/jaimeconcept.ch\/en\/wp-json\/wp\/v2\/types\/product"}],"replies":[{"embeddable":true,"href":"https:\/\/jaimeconcept.ch\/en\/wp-json\/wp\/v2\/comments?post=7671"}],"wp:featuredmedia":[{"embeddable":true,"href":"https:\/\/jaimeconcept.ch\/en\/wp-json\/wp\/v2\/media\/7593"}],"wp:attachment":[{"href":"https:\/\/jaimeconcept.ch\/en\/wp-json\/wp\/v2\/media?parent=7671"}],"wp:term":[{"taxonomy":"product_brand","embeddable":true,"href":"https:\/\/jaimeconcept.ch\/en\/wp-json\/wp\/v2\/product_brand?post=7671"},{"taxonomy":"product_cat","embeddable":true,"href":"https:\/\/jaimeconcept.ch\/en\/wp-json\/wp\/v2\/product_cat?post=7671"},{"taxonomy":"product_tag","embeddable":true,"href":"https:\/\/jaimeconcept.ch\/en\/wp-json\/wp\/v2\/product_tag?post=7671"}],"curies":[{"name":"wp","href":"https:\/\/api.w.org\/{rel}","templated":true}]}}