{"id":7670,"date":"2024-09-27T16:14:37","date_gmt":"2024-09-27T14:14:37","guid":{"rendered":"https:\/\/jaime-save.geekworkers.dev\/?post_type=product&#038;p=7670"},"modified":"2026-02-14T14:16:17","modified_gmt":"2026-02-14T13:16:17","slug":"n72-the-de-noel-format-500ml","status":"publish","type":"product","link":"https:\/\/jaimeconcept.ch\/en\/product\/n72-the-de-noel-format-500ml\/","title":{"rendered":"N\u00b072 - Christmas Tea - Format : 500ml"},"content":{"rendered":"<table width=\"2047\">\n<tbody>\n<tr>\n<td width=\"2047\">&#8220;Th\u00e9 de No\u00ebl&#8221; est une fragrance enchanteresse qui capture l&#8217;esprit chaleureux des f\u00eates. Les notes exquises de gingembre confit s&#8217;entrem\u00ealent avec d\u00e9lice au zeste de citron, cr\u00e9ant une symphonie aromatique captivante. Plongez dans l&#8217;atmosph\u00e8re magique de No\u00ebl avec cette bougie qui \u00e9veillera vos sens et illuminera votre int\u00e9rieur.<\/td>\n<\/tr>\n<\/tbody>\n<\/table>","protected":false},"excerpt":{"rendered":"<p>&#8220;Th\u00e9 de No\u00ebl&#8221; est une fragrance enchanteresse qui capture l&#8217;esprit chaleureux des f\u00eates. Les notes exquises de gingembre confit s&#8217;entrem\u00ealent avec d\u00e9lice au zeste de citron, cr\u00e9ant une symphonie aromatique captivante. Plongez dans l&#8217;atmosph\u00e8re magique de No\u00ebl avec cette bougie qui \u00e9veillera vos sens et illuminera votre int\u00e9rieur.<\/p>","protected":false},"featured_media":7612,"comment_status":"closed","ping_status":"closed","template":"","meta":[],"product_brand":[540],"product_cat":[80],"product_tag":[],"class_list":{"0":"post-7670","1":"product","2":"type-product","3":"status-publish","4":"has-post-thumbnail","6":"product_brand-hello-candle","7":"product_cat-bougies","8":"pa_fournisseur-hello-candle","10":"first","11":"instock","12":"taxable","13":"shipping-taxable","14":"purchasable","15":"product-type-simple"},"_links":{"self":[{"href":"https:\/\/jaimeconcept.ch\/en\/wp-json\/wp\/v2\/product\/7670","targetHints":{"allow":["GET"]}}],"collection":[{"href":"https:\/\/jaimeconcept.ch\/en\/wp-json\/wp\/v2\/product"}],"about":[{"href":"https:\/\/jaimeconcept.ch\/en\/wp-json\/wp\/v2\/types\/product"}],"replies":[{"embeddable":true,"href":"https:\/\/jaimeconcept.ch\/en\/wp-json\/wp\/v2\/comments?post=7670"}],"wp:featuredmedia":[{"embeddable":true,"href":"https:\/\/jaimeconcept.ch\/en\/wp-json\/wp\/v2\/media\/7612"}],"wp:attachment":[{"href":"https:\/\/jaimeconcept.ch\/en\/wp-json\/wp\/v2\/media?parent=7670"}],"wp:term":[{"taxonomy":"product_brand","embeddable":true,"href":"https:\/\/jaimeconcept.ch\/en\/wp-json\/wp\/v2\/product_brand?post=7670"},{"taxonomy":"product_cat","embeddable":true,"href":"https:\/\/jaimeconcept.ch\/en\/wp-json\/wp\/v2\/product_cat?post=7670"},{"taxonomy":"product_tag","embeddable":true,"href":"https:\/\/jaimeconcept.ch\/en\/wp-json\/wp\/v2\/product_tag?post=7670"}],"curies":[{"name":"wp","href":"https:\/\/api.w.org\/{rel}","templated":true}]}}