{"id":7667,"date":"2025-04-02T10:12:18","date_gmt":"2025-04-02T08:12:18","guid":{"rendered":"https:\/\/jaime-save.geekworkers.dev\/?post_type=product&#038;p=7667"},"modified":"2026-02-27T15:44:44","modified_gmt":"2026-02-27T14:44:44","slug":"n63-popcorn-fizz-format-180ml","status":"publish","type":"product","link":"https:\/\/jaimeconcept.ch\/en\/product\/n63-popcorn-fizz-format-180ml\/","title":{"rendered":"N\u00b063 - Popcorn Fizz - Format : 180ml"},"content":{"rendered":"<table width=\"2047\">\n<tbody>\n<tr>\n<td width=\"2047\">Plongez dans une f\u00eate p\u00e9tillante o\u00f9 l&#8217;air se remplit de l&#8217;ar\u00f4me irr\u00e9sistible du popcorn fra\u00eechement \u00e9clat\u00e9. Ce parfum gourmand capture l&#8217;esprit joyeux de la c\u00e9l\u00e9bration, transportant vos sens dans une exp\u00e9rience ludique et savoureuse. Laissez-vous tenter par cette fragrance irr\u00e9sistible et vivez un moment de d\u00e9lice et de plaisir.<\/td>\n<\/tr>\n<\/tbody>\n<\/table>","protected":false},"excerpt":{"rendered":"<p>Plongez dans une f\u00eate p\u00e9tillante o\u00f9 l&#8217;air se remplit de l&#8217;ar\u00f4me irr\u00e9sistible du popcorn fra\u00eechement \u00e9clat\u00e9. Ce parfum gourmand capture l&#8217;esprit joyeux de la c\u00e9l\u00e9bration, transportant vos sens dans une exp\u00e9rience ludique et savoureuse. Laissez-vous tenter par cette fragrance irr\u00e9sistible et vivez un moment de d\u00e9lice et de plaisir.<\/p>","protected":false},"featured_media":7586,"comment_status":"closed","ping_status":"closed","template":"","meta":[],"product_brand":[540],"product_cat":[80],"product_tag":[],"class_list":{"0":"post-7667","1":"product","2":"type-product","3":"status-publish","4":"has-post-thumbnail","6":"product_brand-hello-candle","7":"product_cat-bougies","8":"pa_fournisseur-hello-candle","10":"first","11":"instock","12":"taxable","13":"shipping-taxable","14":"purchasable","15":"product-type-simple"},"_links":{"self":[{"href":"https:\/\/jaimeconcept.ch\/en\/wp-json\/wp\/v2\/product\/7667","targetHints":{"allow":["GET"]}}],"collection":[{"href":"https:\/\/jaimeconcept.ch\/en\/wp-json\/wp\/v2\/product"}],"about":[{"href":"https:\/\/jaimeconcept.ch\/en\/wp-json\/wp\/v2\/types\/product"}],"replies":[{"embeddable":true,"href":"https:\/\/jaimeconcept.ch\/en\/wp-json\/wp\/v2\/comments?post=7667"}],"wp:featuredmedia":[{"embeddable":true,"href":"https:\/\/jaimeconcept.ch\/en\/wp-json\/wp\/v2\/media\/7586"}],"wp:attachment":[{"href":"https:\/\/jaimeconcept.ch\/en\/wp-json\/wp\/v2\/media?parent=7667"}],"wp:term":[{"taxonomy":"product_brand","embeddable":true,"href":"https:\/\/jaimeconcept.ch\/en\/wp-json\/wp\/v2\/product_brand?post=7667"},{"taxonomy":"product_cat","embeddable":true,"href":"https:\/\/jaimeconcept.ch\/en\/wp-json\/wp\/v2\/product_cat?post=7667"},{"taxonomy":"product_tag","embeddable":true,"href":"https:\/\/jaimeconcept.ch\/en\/wp-json\/wp\/v2\/product_tag?post=7667"}],"curies":[{"name":"wp","href":"https:\/\/api.w.org\/{rel}","templated":true}]}}