{"id":7652,"date":"2023-11-29T01:06:28","date_gmt":"2023-11-29T00:06:28","guid":{"rendered":"https:\/\/jaime-save.geekworkers.dev\/?post_type=product&#038;p=7652"},"modified":"2026-02-14T14:15:56","modified_gmt":"2026-02-14T13:15:56","slug":"n8-berry-bliss-format-500ml","status":"publish","type":"product","link":"https:\/\/jaimeconcept.ch\/en\/product\/n8-berry-bliss-format-500ml\/","title":{"rendered":"No.8 - Berry Bliss - Format : 500ml"},"content":{"rendered":"<table width=\"2047\">\n<tbody>\n<tr>\n<td width=\"2047\">Let our exquisite red berry fragrance take you on an enchanted forest walk. Juicy, sweet notes of wild berries and ripe cherries awaken the senses and evoke a delicious sweet tooth. Immerse yourself in this fruity olfactory experience, which evokes the freshness of nature and leaves an irresistible trail of sweetness and pleasure.<\/td>\n<\/tr>\n<\/tbody>\n<\/table>","protected":false},"excerpt":{"rendered":"<p>Laissez-vous transporter dans une balade en for\u00eat enchant\u00e9e avec notre parfum exquis aux fruits rouges. Les notes juteuses et sucr\u00e9es de baies sauvages et de cerises m\u00fbres \u00e9veillent les sens et \u00e9voquent une d\u00e9licieuse gourmandise. Plongez dans cette exp\u00e9rience olfactive fruit\u00e9e, qui \u00e9voque la fra\u00eecheur de la nature et laisse un sillage irr\u00e9sistible de douceur [&hellip;]<\/p>\n","protected":false},"featured_media":7600,"comment_status":"closed","ping_status":"closed","template":"","meta":[],"product_brand":[540],"product_cat":[80],"product_tag":[],"class_list":{"0":"post-7652","1":"product","2":"type-product","3":"status-publish","4":"has-post-thumbnail","6":"product_brand-hello-candle","7":"product_cat-bougies","8":"pa_fournisseur-hello-candle","10":"first","11":"instock","12":"taxable","13":"shipping-taxable","14":"purchasable","15":"product-type-simple"},"_links":{"self":[{"href":"https:\/\/jaimeconcept.ch\/en\/wp-json\/wp\/v2\/product\/7652","targetHints":{"allow":["GET"]}}],"collection":[{"href":"https:\/\/jaimeconcept.ch\/en\/wp-json\/wp\/v2\/product"}],"about":[{"href":"https:\/\/jaimeconcept.ch\/en\/wp-json\/wp\/v2\/types\/product"}],"replies":[{"embeddable":true,"href":"https:\/\/jaimeconcept.ch\/en\/wp-json\/wp\/v2\/comments?post=7652"}],"wp:featuredmedia":[{"embeddable":true,"href":"https:\/\/jaimeconcept.ch\/en\/wp-json\/wp\/v2\/media\/7600"}],"wp:attachment":[{"href":"https:\/\/jaimeconcept.ch\/en\/wp-json\/wp\/v2\/media?parent=7652"}],"wp:term":[{"taxonomy":"product_brand","embeddable":true,"href":"https:\/\/jaimeconcept.ch\/en\/wp-json\/wp\/v2\/product_brand?post=7652"},{"taxonomy":"product_cat","embeddable":true,"href":"https:\/\/jaimeconcept.ch\/en\/wp-json\/wp\/v2\/product_cat?post=7652"},{"taxonomy":"product_tag","embeddable":true,"href":"https:\/\/jaimeconcept.ch\/en\/wp-json\/wp\/v2\/product_tag?post=7652"}],"curies":[{"name":"wp","href":"https:\/\/api.w.org\/{rel}","templated":true}]}}