{"id":53,"date":"2022-12-20T14:51:56","date_gmt":"2022-12-20T14:51:56","guid":{"rendered":"https:\/\/jaime-save.geekworkers.dev\/?post_type=product&#038;p=53"},"modified":"2026-04-26T12:12:14","modified_gmt":"2026-04-26T10:12:14","slug":"bouquet-de-roses-rouges","status":"publish","type":"product","link":"https:\/\/jaimeconcept.ch\/en\/product\/bouquet-de-roses-rouges\/","title":{"rendered":"Bouquet of red roses"},"content":{"rendered":"<p>Offrir un bouquet de roses rouges, ce n\u2019est pas offrir des fleurs, c\u2019est affirmer un sentiment fort, assum\u00e9, intemporel.<\/p>\n<p>Chaque rose est s\u00e9lectionn\u00e9e pour la profondeur de son rouge, la tenue de sa fleur et l\u2019\u00e9l\u00e9gance de sa tige. Assembl\u00e9es avec soin, elles composent un bouquet \u00e9quilibr\u00e9, puissant et raffin\u00e9, con\u00e7u pour marquer un moment important : d\u00e9claration, anniversaire, passion, ou simplement l\u2019envie de dire je t\u2019aime sans d\u00e9tour.<\/p>\n<p>Le rouge symbolise l\u2019amour, le d\u00e9sir, l\u2019engagement. Ce bouquet ne sugg\u00e8re pas. Il parle clairement, avec justesse et intensit\u00e9.<\/p>","protected":false},"excerpt":{"rendered":"<p>Fresh red roses, selected for their quality and longevity.<\/p>","protected":false},"featured_media":9336,"comment_status":"closed","ping_status":"closed","template":"","meta":[],"product_brand":[],"product_cat":[72,75],"product_tag":[],"class_list":{"0":"post-53","1":"product","2":"type-product","3":"status-publish","4":"has-post-thumbnail","6":"product_cat-fleurs-et-plantes","7":"product_cat-roses","9":"first","10":"instock","11":"featured","12":"taxable","13":"shipping-taxable","14":"purchasable","15":"product-type-variable"},"_links":{"self":[{"href":"https:\/\/jaimeconcept.ch\/en\/wp-json\/wp\/v2\/product\/53","targetHints":{"allow":["GET"]}}],"collection":[{"href":"https:\/\/jaimeconcept.ch\/en\/wp-json\/wp\/v2\/product"}],"about":[{"href":"https:\/\/jaimeconcept.ch\/en\/wp-json\/wp\/v2\/types\/product"}],"replies":[{"embeddable":true,"href":"https:\/\/jaimeconcept.ch\/en\/wp-json\/wp\/v2\/comments?post=53"}],"wp:featuredmedia":[{"embeddable":true,"href":"https:\/\/jaimeconcept.ch\/en\/wp-json\/wp\/v2\/media\/9336"}],"wp:attachment":[{"href":"https:\/\/jaimeconcept.ch\/en\/wp-json\/wp\/v2\/media?parent=53"}],"wp:term":[{"taxonomy":"product_brand","embeddable":true,"href":"https:\/\/jaimeconcept.ch\/en\/wp-json\/wp\/v2\/product_brand?post=53"},{"taxonomy":"product_cat","embeddable":true,"href":"https:\/\/jaimeconcept.ch\/en\/wp-json\/wp\/v2\/product_cat?post=53"},{"taxonomy":"product_tag","embeddable":true,"href":"https:\/\/jaimeconcept.ch\/en\/wp-json\/wp\/v2\/product_tag?post=53"}],"curies":[{"name":"wp","href":"https:\/\/api.w.org\/{rel}","templated":true}]}}