{"id":38087,"date":"2026-04-26T00:24:36","date_gmt":"2026-04-25T22:24:36","guid":{"rendered":"https:\/\/jaimeconcept.ch\/?post_type=product&#038;p=38087"},"modified":"2026-04-28T17:13:18","modified_gmt":"2026-04-28T15:13:18","slug":"coffret-confiture-edition-claude-monet-2x100g","status":"publish","type":"product","link":"https:\/\/jaimeconcept.ch\/en\/product\/coffret-confiture-edition-claude-monet-2x100g\/","title":{"rendered":"Jam box - Edition Claude Monet - 2x100g"},"content":{"rendered":"<p>Deux recettes comme deux tableaux<\/p>\n<p>Inspir\u00e9e par les jardins de Monet, cette collection de confitures rend hommage \u00e0 une nature sensible, florale et vibrante.<\/p>\n<p>Des confitures fabriqu\u00e9es \u00e0 Paris, sous le Viaduc des Arts, pens\u00e9es comme des \u0153uvres \u00e0 d\u00e9guster.<\/p>\n<p>D\u00e9couvrez dans ce coffret deux recettes, o\u00f9 le fruit dialogue avec la fleur, dans un \u00e9quilibre d\u00e9licat entre fra\u00eecheur, douceur et \u00e9motion.<\/p>\n<p>La Confiture Groseille Lotus<\/p>\n<p>Cette recette trouve son origine dans un livre de recettes de Claude Monet, qui y partageait sa propre confiture de groseille.<\/p>\n<p>\u00c0 cette base historique, nous avons choisi d\u2019ajouter un ar\u00f4me naturel de fleur de lotus, en \u00e9cho aux \u201cNymph\u00e9as\u201d, \u0153uvre embl\u00e9matique de Monet.<\/p>\n<p>Ses notes florales douces, \u00e9voquent les bonbons d\u2019enfance, dans l\u2019esprit des coquelicots ou des violettes d\u2019autrefois.<\/p>\n<p>Une confiture \u00e0 la fois vive et d\u00e9licate, o\u00f9 le fruit rencontre l\u2019art et la nostalgie d\u2019autrefois.<\/p>\n<p>La Confiture Fraise Coquelicot<\/p>\n<p>La fraise, fruit g\u00e9n\u00e9reux et gourmand, est travaill\u00e9e pour pr\u00e9server sa douceur naturelle et sa rondeur en bouche.<\/p>\n<p>Nous y avons associ\u00e9 une note de coquelicot, en r\u00e9f\u00e9rence directe au tableau de Claude Monet \u201cPromenade \u00e0 Argenteuil\u201d.<\/p>\n<p>Cette fleur, embl\u00e9matique de ses paysages, apporte une touche florale douce et l\u00e9g\u00e8rement miell\u00e9e, \u00e9voquant les bonbons d\u2019enfance, dans l\u2019esprit des coquelicots d\u2019autrefois.<\/p>","protected":false},"excerpt":{"rendered":"<p>A luminous, comforting jam that's both delicious and memorable.<\/p>","protected":false},"featured_media":38082,"comment_status":"closed","ping_status":"closed","template":"","meta":[],"product_brand":[],"product_cat":[415],"product_tag":[],"class_list":{"0":"post-38087","1":"product","2":"type-product","3":"status-publish","4":"has-post-thumbnail","6":"product_cat-confitures","8":"first","9":"instock","10":"taxable","11":"shipping-taxable","12":"purchasable","13":"product-type-simple"},"_links":{"self":[{"href":"https:\/\/jaimeconcept.ch\/en\/wp-json\/wp\/v2\/product\/38087","targetHints":{"allow":["GET"]}}],"collection":[{"href":"https:\/\/jaimeconcept.ch\/en\/wp-json\/wp\/v2\/product"}],"about":[{"href":"https:\/\/jaimeconcept.ch\/en\/wp-json\/wp\/v2\/types\/product"}],"replies":[{"embeddable":true,"href":"https:\/\/jaimeconcept.ch\/en\/wp-json\/wp\/v2\/comments?post=38087"}],"wp:featuredmedia":[{"embeddable":true,"href":"https:\/\/jaimeconcept.ch\/en\/wp-json\/wp\/v2\/media\/38082"}],"wp:attachment":[{"href":"https:\/\/jaimeconcept.ch\/en\/wp-json\/wp\/v2\/media?parent=38087"}],"wp:term":[{"taxonomy":"product_brand","embeddable":true,"href":"https:\/\/jaimeconcept.ch\/en\/wp-json\/wp\/v2\/product_brand?post=38087"},{"taxonomy":"product_cat","embeddable":true,"href":"https:\/\/jaimeconcept.ch\/en\/wp-json\/wp\/v2\/product_cat?post=38087"},{"taxonomy":"product_tag","embeddable":true,"href":"https:\/\/jaimeconcept.ch\/en\/wp-json\/wp\/v2\/product_tag?post=38087"}],"curies":[{"name":"wp","href":"https:\/\/api.w.org\/{rel}","templated":true}]}}