{"id":36575,"date":"2026-03-03T22:37:39","date_gmt":"2026-03-03T21:37:39","guid":{"rendered":"https:\/\/jaimeconcept.ch\/?post_type=product&#038;p=36575"},"modified":"2026-04-26T12:43:14","modified_gmt":"2026-04-26T10:43:14","slug":"coffret-merci-10-sachets-de-the-originaux-en-forme-de-coeur-etoile","status":"publish","type":"product","link":"https:\/\/jaimeconcept.ch\/en\/product\/coffret-merci-10-sachets-de-the-originaux-en-forme-de-coeur-etoile\/","title":{"rendered":"Merci gift set - 10 original heart &amp; star shaped tea bags"},"content":{"rendered":"<p>Parce qu\u2019un petit mot vaut parfois autant qu\u2019un grand geste, le Mini Coffret MERCI a \u00e9t\u00e9 imagin\u00e9 comme une id\u00e9e cadeau originale \u00e0 offrir \u00e0 un proche, un coll\u00e8gue, une ma\u00eetresse, ou toute personne \u00e0 qui vous souhaitez exprimer votre gratitude.<\/p>\n<p>\u00c0 l\u2019int\u00e9rieur de ce joli coffret, d\u00e9couvrez :<\/p>\n<p>\u2b50 5 sachets de th\u00e9 en forme d\u2019\u00e9toile<\/p>\n<p>\u2764\ufe0f 5 sachets de th\u00e9 en forme de c\u0153ur<\/p>","protected":false},"excerpt":{"rendered":"<p>\ud83c\udf81 Une id\u00e9e cadeau MERCI originale et po\u00e9tique<\/p>\n<p>\ud83c\udf3f Th\u00e9s et infusions de qualit\u00e9, fabriqu\u00e9s en France<\/p>\n<p>\u2728 Sachets de th\u00e9 uniques en forme de c\u0153ur et d\u2019\u00e9toile<\/p>\n<p>\u267b\ufe0f Sachets cousus main, sans plastique<\/p>\n<p>\ud83d\udc8c Une attention d\u00e9licate pour coll\u00e8gues, amis, ma\u00eetresses, clients ou proches<\/p>","protected":false},"featured_media":36576,"comment_status":"closed","ping_status":"closed","template":"","meta":[],"product_brand":[],"product_cat":[85,87],"product_tag":[],"class_list":{"0":"post-36575","1":"product","2":"type-product","3":"status-publish","4":"has-post-thumbnail","6":"product_cat-thes","7":"product_cat-en-sachet","8":"pa_fournisseur-tea-heritage","10":"first","11":"instock","12":"taxable","13":"shipping-taxable","14":"purchasable","15":"product-type-simple"},"_links":{"self":[{"href":"https:\/\/jaimeconcept.ch\/en\/wp-json\/wp\/v2\/product\/36575","targetHints":{"allow":["GET"]}}],"collection":[{"href":"https:\/\/jaimeconcept.ch\/en\/wp-json\/wp\/v2\/product"}],"about":[{"href":"https:\/\/jaimeconcept.ch\/en\/wp-json\/wp\/v2\/types\/product"}],"replies":[{"embeddable":true,"href":"https:\/\/jaimeconcept.ch\/en\/wp-json\/wp\/v2\/comments?post=36575"}],"wp:featuredmedia":[{"embeddable":true,"href":"https:\/\/jaimeconcept.ch\/en\/wp-json\/wp\/v2\/media\/36576"}],"wp:attachment":[{"href":"https:\/\/jaimeconcept.ch\/en\/wp-json\/wp\/v2\/media?parent=36575"}],"wp:term":[{"taxonomy":"product_brand","embeddable":true,"href":"https:\/\/jaimeconcept.ch\/en\/wp-json\/wp\/v2\/product_brand?post=36575"},{"taxonomy":"product_cat","embeddable":true,"href":"https:\/\/jaimeconcept.ch\/en\/wp-json\/wp\/v2\/product_cat?post=36575"},{"taxonomy":"product_tag","embeddable":true,"href":"https:\/\/jaimeconcept.ch\/en\/wp-json\/wp\/v2\/product_tag?post=36575"}],"curies":[{"name":"wp","href":"https:\/\/api.w.org\/{rel}","templated":true}]}}