{"id":36442,"date":"2026-02-27T00:32:15","date_gmt":"2026-02-26T23:32:15","guid":{"rendered":"https:\/\/jaimeconcept.ch\/?post_type=product&#038;p=36442"},"modified":"2026-03-18T11:22:11","modified_gmt":"2026-03-18T10:22:11","slug":"huile-dolive-extra-vierge-edition-limitee-coeur-pattes-500ml","status":"publish","type":"product","link":"https:\/\/jaimeconcept.ch\/en\/product\/huile-dolive-extra-vierge-edition-limitee-coeur-pattes-500ml\/","title":{"rendered":"Extra virgin olive oil - Heart &amp; Paws limited edition - 500ml"},"content":{"rendered":"<p>Parfait pour les amoureux des chiens, cette huile d&#8217;olive extra vierge en \u00e9dition limit\u00e9e combine une huile d&#8217;olive grecque de haute qualit\u00e9 avec un personnage charmant de Yiayia &#038; Friends. Un produit r\u00e9fl\u00e9chi et quotidien avec un design ludique qui se d\u00e9marque sur l&#8217;\u00e9tag\u00e8re et facilite le cadeau.<\/p>","protected":false},"excerpt":{"rendered":"<p>Chez Yiayia, le naturel est toujours meilleur. Une huile d&#8217;olive de Cr\u00e8te d&#8217;une qualit\u00e9 exceptionnelle. Sans additifs ind\u00e9sirables, juste la douceur naturelle<\/p>","protected":false},"featured_media":36443,"comment_status":"closed","ping_status":"closed","template":"","meta":[],"product_brand":[],"product_cat":[475],"product_tag":[],"class_list":{"0":"post-36442","1":"product","2":"type-product","3":"status-publish","4":"has-post-thumbnail","6":"product_cat-huiles","8":"first","9":"instock","10":"taxable","11":"shipping-taxable","12":"purchasable","13":"product-type-simple"},"_links":{"self":[{"href":"https:\/\/jaimeconcept.ch\/en\/wp-json\/wp\/v2\/product\/36442","targetHints":{"allow":["GET"]}}],"collection":[{"href":"https:\/\/jaimeconcept.ch\/en\/wp-json\/wp\/v2\/product"}],"about":[{"href":"https:\/\/jaimeconcept.ch\/en\/wp-json\/wp\/v2\/types\/product"}],"replies":[{"embeddable":true,"href":"https:\/\/jaimeconcept.ch\/en\/wp-json\/wp\/v2\/comments?post=36442"}],"wp:featuredmedia":[{"embeddable":true,"href":"https:\/\/jaimeconcept.ch\/en\/wp-json\/wp\/v2\/media\/36443"}],"wp:attachment":[{"href":"https:\/\/jaimeconcept.ch\/en\/wp-json\/wp\/v2\/media?parent=36442"}],"wp:term":[{"taxonomy":"product_brand","embeddable":true,"href":"https:\/\/jaimeconcept.ch\/en\/wp-json\/wp\/v2\/product_brand?post=36442"},{"taxonomy":"product_cat","embeddable":true,"href":"https:\/\/jaimeconcept.ch\/en\/wp-json\/wp\/v2\/product_cat?post=36442"},{"taxonomy":"product_tag","embeddable":true,"href":"https:\/\/jaimeconcept.ch\/en\/wp-json\/wp\/v2\/product_tag?post=36442"}],"curies":[{"name":"wp","href":"https:\/\/api.w.org\/{rel}","templated":true}]}}