{"id":36049,"date":"2026-02-14T13:54:58","date_gmt":"2026-02-14T12:54:58","guid":{"rendered":"https:\/\/jaimeconcept.ch\/?post_type=product&#038;p=36049"},"modified":"2026-05-04T18:24:28","modified_gmt":"2026-05-04T16:24:28","slug":"verre-lapin","status":"publish","type":"product","link":"https:\/\/jaimeconcept.ch\/en\/product\/verre-lapin\/","title":{"rendered":"Glass - Lapin"},"content":{"rendered":"<p>Verre Lapin &#8211; Con\u00e7u avec amour \u00e0 Hambourg<\/p>\n<p>Dimensions<br \/>\nenviron 9&#215;9 cm<\/p>","protected":false},"excerpt":{"rendered":"<p>Notre verre \u00e0 boire figurine de lapin est un v\u00e9ritable point fort pour chaque occasion ! Au centre du verre se trouve un mignon lapin blanc 3D, qui rend chaque boisson sp\u00e9ciale. Que ce soit comme verre \u00e0 eau ou pour des jus frais \u2013 ce verre apporte de la joie \u00e0 ton quotidien.<\/p>\n<p>Non seulement un accroche-regard \u00e0 P\u00e2ques, mais un d\u00e9tail charmant toute l&#8217;ann\u00e9e sur chaque table. Compatible lave-vaisselle et donc particuli\u00e8rement pratique, c&#8217;est le compagnon id\u00e9al du quotidien pour tous ceux qui aiment le design ludique. Id\u00e9al aussi comme cadeau pour les fans de lapins !<\/p>","protected":false},"featured_media":36053,"comment_status":"closed","ping_status":"closed","template":"","meta":[],"product_brand":[556],"product_cat":[99,452],"product_tag":[],"class_list":{"0":"post-36049","1":"product","2":"type-product","3":"status-publish","4":"has-post-thumbnail","6":"product_brand-eulenschnitt","7":"product_cat-arts-de-la-table","8":"product_cat-tasses-gobelets-verres","10":"first","11":"instock","12":"taxable","13":"shipping-taxable","14":"purchasable","15":"product-type-simple"},"_links":{"self":[{"href":"https:\/\/jaimeconcept.ch\/en\/wp-json\/wp\/v2\/product\/36049","targetHints":{"allow":["GET"]}}],"collection":[{"href":"https:\/\/jaimeconcept.ch\/en\/wp-json\/wp\/v2\/product"}],"about":[{"href":"https:\/\/jaimeconcept.ch\/en\/wp-json\/wp\/v2\/types\/product"}],"replies":[{"embeddable":true,"href":"https:\/\/jaimeconcept.ch\/en\/wp-json\/wp\/v2\/comments?post=36049"}],"wp:featuredmedia":[{"embeddable":true,"href":"https:\/\/jaimeconcept.ch\/en\/wp-json\/wp\/v2\/media\/36053"}],"wp:attachment":[{"href":"https:\/\/jaimeconcept.ch\/en\/wp-json\/wp\/v2\/media?parent=36049"}],"wp:term":[{"taxonomy":"product_brand","embeddable":true,"href":"https:\/\/jaimeconcept.ch\/en\/wp-json\/wp\/v2\/product_brand?post=36049"},{"taxonomy":"product_cat","embeddable":true,"href":"https:\/\/jaimeconcept.ch\/en\/wp-json\/wp\/v2\/product_cat?post=36049"},{"taxonomy":"product_tag","embeddable":true,"href":"https:\/\/jaimeconcept.ch\/en\/wp-json\/wp\/v2\/product_tag?post=36049"}],"curies":[{"name":"wp","href":"https:\/\/api.w.org\/{rel}","templated":true}]}}