{"id":36044,"date":"2026-02-14T13:50:48","date_gmt":"2026-02-14T12:50:48","guid":{"rendered":"https:\/\/jaimeconcept.ch\/?post_type=product&#038;p=36044"},"modified":"2026-05-08T17:35:15","modified_gmt":"2026-05-08T15:35:15","slug":"verre-fleur","status":"publish","type":"product","link":"https:\/\/jaimeconcept.ch\/en\/product\/verre-fleur\/","title":{"rendered":"Glass - Fleur"},"content":{"rendered":"<p>Verre Fleur &#8211; Con\u00e7u avec amour \u00e0 Hambourg<\/p>\n<p>Dimensions<br \/>\nenviron 9&#215;9 cm<\/p>","protected":false},"excerpt":{"rendered":"<p>Notre verre \u00e0 boire en forme de marguerite capture la l\u00e9g\u00e8ret\u00e9 du printemps ! Au centre du verre brille une d\u00e9licate figurine 3D de marguerite, qui apporte fra\u00eecheur et bonne humeur \u00e0 chaque instant. Que ce soit de l&#8217;eau, du jus ou un th\u00e9 glac\u00e9 rafra\u00eechissant \u2013 avec ce verre, vous profitez du printemps toute l&#8217;ann\u00e9e.<\/p>\n<p>Gr\u00e2ce \u00e0 sa fabrication compatible lave-vaisselle, le verre n&#8217;est pas seulement magnifique, mais aussi particuli\u00e8rement pratique. Parfait pour tous ceux qui aiment le printemps ou qui souhaitent apporter une touche \u00e9l\u00e9gante et joyeuse \u00e0 leur table !<\/p>","protected":false},"featured_media":36047,"comment_status":"closed","ping_status":"closed","template":"","meta":[],"product_brand":[556],"product_cat":[99,452],"product_tag":[],"class_list":{"0":"post-36044","1":"product","2":"type-product","3":"status-publish","4":"has-post-thumbnail","6":"product_brand-eulenschnitt","7":"product_cat-arts-de-la-table","8":"product_cat-tasses-gobelets-verres","10":"first","11":"instock","12":"taxable","13":"shipping-taxable","14":"purchasable","15":"product-type-simple"},"_links":{"self":[{"href":"https:\/\/jaimeconcept.ch\/en\/wp-json\/wp\/v2\/product\/36044","targetHints":{"allow":["GET"]}}],"collection":[{"href":"https:\/\/jaimeconcept.ch\/en\/wp-json\/wp\/v2\/product"}],"about":[{"href":"https:\/\/jaimeconcept.ch\/en\/wp-json\/wp\/v2\/types\/product"}],"replies":[{"embeddable":true,"href":"https:\/\/jaimeconcept.ch\/en\/wp-json\/wp\/v2\/comments?post=36044"}],"wp:featuredmedia":[{"embeddable":true,"href":"https:\/\/jaimeconcept.ch\/en\/wp-json\/wp\/v2\/media\/36047"}],"wp:attachment":[{"href":"https:\/\/jaimeconcept.ch\/en\/wp-json\/wp\/v2\/media?parent=36044"}],"wp:term":[{"taxonomy":"product_brand","embeddable":true,"href":"https:\/\/jaimeconcept.ch\/en\/wp-json\/wp\/v2\/product_brand?post=36044"},{"taxonomy":"product_cat","embeddable":true,"href":"https:\/\/jaimeconcept.ch\/en\/wp-json\/wp\/v2\/product_cat?post=36044"},{"taxonomy":"product_tag","embeddable":true,"href":"https:\/\/jaimeconcept.ch\/en\/wp-json\/wp\/v2\/product_tag?post=36044"}],"curies":[{"name":"wp","href":"https:\/\/api.w.org\/{rel}","templated":true}]}}