{"id":36040,"date":"2026-02-14T13:33:46","date_gmt":"2026-02-14T12:33:46","guid":{"rendered":"https:\/\/jaimeconcept.ch\/?post_type=product&#038;p=36040"},"modified":"2026-03-18T11:22:10","modified_gmt":"2026-03-18T10:22:10","slug":"verre-coeur-rose","status":"publish","type":"product","link":"https:\/\/jaimeconcept.ch\/en\/product\/verre-coeur-rose\/","title":{"rendered":"Glass - Coeur rose"},"content":{"rendered":"<p>Verre Coeur &#8211; Con\u00e7u avec amour \u00e0 Hambourg<\/p>\n<p>Dimensions<br \/>\nenviron 9&#215;9 cm<\/p>","protected":false},"excerpt":{"rendered":"<p>Plonge dans un univers de couleurs douces et d&#8217;\u00e9motions d\u00e9licates \u2013 avec le verre \u00e0 boire forme c\u0153ur rose. Ce verre s\u00e9duit par son charmant c\u0153ur 3D dans une teinte rose tendre, dispos\u00e9 avec soin au centre.<\/p>\n<p>Un attrait doux qui d\u00e9gage de la romance tout en parlant \u00e0 ton c\u00f4t\u00e9 pratique : gr\u00e2ce \u00e0 sa compatibilit\u00e9 avec le lave-vaisselle, il est id\u00e9al pour une utilisation quotidienne.<\/p>\n<p>Apporte une touche de po\u00e9sie \u00e0 ta table \u00e0 manger avec un verre qui, dans son usage quotidien, offre non seulement du confort, mais diffuse aussi une touche d&#8217;\u00e9l\u00e9gance lors d&#8217;\u00e9v\u00e9nements sp\u00e9ciaux. Un incontournable pour tous ceux qui ont le sens du design attentionn\u00e9 et appr\u00e9cient le confort.<\/p>","protected":false},"featured_media":36041,"comment_status":"closed","ping_status":"closed","template":"","meta":[],"product_brand":[556],"product_cat":[99,452],"product_tag":[],"class_list":{"0":"post-36040","1":"product","2":"type-product","3":"status-publish","4":"has-post-thumbnail","6":"product_brand-eulenschnitt","7":"product_cat-arts-de-la-table","8":"product_cat-tasses-gobelets-verres","10":"first","11":"outofstock","12":"taxable","13":"shipping-taxable","14":"purchasable","15":"product-type-simple"},"_links":{"self":[{"href":"https:\/\/jaimeconcept.ch\/en\/wp-json\/wp\/v2\/product\/36040","targetHints":{"allow":["GET"]}}],"collection":[{"href":"https:\/\/jaimeconcept.ch\/en\/wp-json\/wp\/v2\/product"}],"about":[{"href":"https:\/\/jaimeconcept.ch\/en\/wp-json\/wp\/v2\/types\/product"}],"replies":[{"embeddable":true,"href":"https:\/\/jaimeconcept.ch\/en\/wp-json\/wp\/v2\/comments?post=36040"}],"wp:featuredmedia":[{"embeddable":true,"href":"https:\/\/jaimeconcept.ch\/en\/wp-json\/wp\/v2\/media\/36041"}],"wp:attachment":[{"href":"https:\/\/jaimeconcept.ch\/en\/wp-json\/wp\/v2\/media?parent=36040"}],"wp:term":[{"taxonomy":"product_brand","embeddable":true,"href":"https:\/\/jaimeconcept.ch\/en\/wp-json\/wp\/v2\/product_brand?post=36040"},{"taxonomy":"product_cat","embeddable":true,"href":"https:\/\/jaimeconcept.ch\/en\/wp-json\/wp\/v2\/product_cat?post=36040"},{"taxonomy":"product_tag","embeddable":true,"href":"https:\/\/jaimeconcept.ch\/en\/wp-json\/wp\/v2\/product_tag?post=36040"}],"curies":[{"name":"wp","href":"https:\/\/api.w.org\/{rel}","templated":true}]}}