{"id":36028,"date":"2026-02-14T13:06:46","date_gmt":"2026-02-14T12:06:46","guid":{"rendered":"https:\/\/jaimeconcept.ch\/?post_type=product&#038;p=36028"},"modified":"2026-05-16T11:58:59","modified_gmt":"2026-05-16T09:58:59","slug":"verre-trefle","status":"publish","type":"product","link":"https:\/\/jaimeconcept.ch\/en\/product\/verre-trefle\/","title":{"rendered":"Glass - Tr\u00e8fle"},"content":{"rendered":"<p>Verre Tr\u00e8fle &#8211; Con\u00e7u avec amour \u00e0 Hambourg<\/p>\n<p>Dimensions<br \/>\nenviron 9&#215;9 cm<\/p>","protected":false},"excerpt":{"rendered":"<p>Notre verre \u00e0 boire en forme de tr\u00e8fle apporte chance \u00e0 chaque gorg\u00e9e ! Ce qui rend ce verre sp\u00e9cial, c&#8217;est la figurine 3D d\u00e9taill\u00e9e du tr\u00e8fle au centre, qui se met magnifiquement en valeur avec chaque boisson. Le tr\u00e8fle vert \u00e9clatant symbolise la chance et l&#8217;\u00e9nergie positive \u2013 parfait pour des moments sp\u00e9ciaux ou comme cadeau \u00e9l\u00e9gant.<\/p>\n<p>Le verre de haute qualit\u00e9 n&#8217;est pas seulement un v\u00e9ritable accroche-regard, mais il est aussi compatible avec le lave-vaisselle, ce qui te permet de le nettoyer facilement. Que ce soit pour de l&#8217;eau, des jus ou des cocktails \u2013 avec ce verre, tu d\u00e9gustes tes boissons pr\u00e9f\u00e9r\u00e9es avec une dose suppl\u00e9mentaire de chance !<\/p>","protected":false},"featured_media":36030,"comment_status":"closed","ping_status":"closed","template":"","meta":[],"product_brand":[556],"product_cat":[99,452],"product_tag":[],"class_list":{"0":"post-36028","1":"product","2":"type-product","3":"status-publish","4":"has-post-thumbnail","6":"product_brand-eulenschnitt","7":"product_cat-arts-de-la-table","8":"product_cat-tasses-gobelets-verres","10":"first","11":"instock","12":"taxable","13":"shipping-taxable","14":"purchasable","15":"product-type-simple"},"_links":{"self":[{"href":"https:\/\/jaimeconcept.ch\/en\/wp-json\/wp\/v2\/product\/36028","targetHints":{"allow":["GET"]}}],"collection":[{"href":"https:\/\/jaimeconcept.ch\/en\/wp-json\/wp\/v2\/product"}],"about":[{"href":"https:\/\/jaimeconcept.ch\/en\/wp-json\/wp\/v2\/types\/product"}],"replies":[{"embeddable":true,"href":"https:\/\/jaimeconcept.ch\/en\/wp-json\/wp\/v2\/comments?post=36028"}],"wp:featuredmedia":[{"embeddable":true,"href":"https:\/\/jaimeconcept.ch\/en\/wp-json\/wp\/v2\/media\/36030"}],"wp:attachment":[{"href":"https:\/\/jaimeconcept.ch\/en\/wp-json\/wp\/v2\/media?parent=36028"}],"wp:term":[{"taxonomy":"product_brand","embeddable":true,"href":"https:\/\/jaimeconcept.ch\/en\/wp-json\/wp\/v2\/product_brand?post=36028"},{"taxonomy":"product_cat","embeddable":true,"href":"https:\/\/jaimeconcept.ch\/en\/wp-json\/wp\/v2\/product_cat?post=36028"},{"taxonomy":"product_tag","embeddable":true,"href":"https:\/\/jaimeconcept.ch\/en\/wp-json\/wp\/v2\/product_tag?post=36028"}],"curies":[{"name":"wp","href":"https:\/\/api.w.org\/{rel}","templated":true}]}}