{"id":36020,"date":"2026-02-14T12:54:30","date_gmt":"2026-02-14T11:54:30","guid":{"rendered":"https:\/\/jaimeconcept.ch\/?post_type=product&#038;p=36020"},"modified":"2026-04-25T13:08:45","modified_gmt":"2026-04-25T11:08:45","slug":"verre-bubbles","status":"publish","type":"product","link":"https:\/\/jaimeconcept.ch\/en\/product\/verre-bubbles\/","title":{"rendered":"Glass - Bubbles"},"content":{"rendered":"<p>Verre Bubbles &#8211; Con\u00e7u avec amour \u00e0 Hambourg<\/p>\n<p>Dimensions :<br \/>\nHauteur : environ 10 cm<br \/>\nLargeur : environ 7,5 cm<\/p>","protected":false},"excerpt":{"rendered":"<p>D\u00e9couvrez le Bubbles Verre Blanc, qui attire imm\u00e9diatement l&#8217;attention avec son design unique et \u00e9l\u00e9gant. Ce verre sp\u00e9cial poss\u00e8de quatre anneaux qui lui conf\u00e8rent une texture exceptionnelle et en font un v\u00e9ritable point fort sur chaque table.<\/p>\n<p>Que vous l&#8217;utilisiez comme verre \u00e0 eau, que vous le posiez sur la table lors d&#8217;un brunch convivial ou que vous l&#8217;utilisiez comme un joli verre de bienvenue pour des soir\u00e9es d\u00e9tendues, ce verre offre toujours une impression visuelle remarquable. Les contours ondul\u00e9s ne sont pas seulement agr\u00e9ables \u00e0 regarder, mais tiennent aussi confortablement en main et rendent chaque exp\u00e9rience de boisson sp\u00e9ciale.<\/p>","protected":false},"featured_media":36023,"comment_status":"closed","ping_status":"closed","template":"","meta":[],"product_brand":[556],"product_cat":[99,452],"product_tag":[],"class_list":{"0":"post-36020","1":"product","2":"type-product","3":"status-publish","4":"has-post-thumbnail","6":"product_brand-eulenschnitt","7":"product_cat-arts-de-la-table","8":"product_cat-tasses-gobelets-verres","10":"first","11":"instock","12":"taxable","13":"shipping-taxable","14":"purchasable","15":"product-type-simple"},"_links":{"self":[{"href":"https:\/\/jaimeconcept.ch\/en\/wp-json\/wp\/v2\/product\/36020","targetHints":{"allow":["GET"]}}],"collection":[{"href":"https:\/\/jaimeconcept.ch\/en\/wp-json\/wp\/v2\/product"}],"about":[{"href":"https:\/\/jaimeconcept.ch\/en\/wp-json\/wp\/v2\/types\/product"}],"replies":[{"embeddable":true,"href":"https:\/\/jaimeconcept.ch\/en\/wp-json\/wp\/v2\/comments?post=36020"}],"wp:featuredmedia":[{"embeddable":true,"href":"https:\/\/jaimeconcept.ch\/en\/wp-json\/wp\/v2\/media\/36023"}],"wp:attachment":[{"href":"https:\/\/jaimeconcept.ch\/en\/wp-json\/wp\/v2\/media?parent=36020"}],"wp:term":[{"taxonomy":"product_brand","embeddable":true,"href":"https:\/\/jaimeconcept.ch\/en\/wp-json\/wp\/v2\/product_brand?post=36020"},{"taxonomy":"product_cat","embeddable":true,"href":"https:\/\/jaimeconcept.ch\/en\/wp-json\/wp\/v2\/product_cat?post=36020"},{"taxonomy":"product_tag","embeddable":true,"href":"https:\/\/jaimeconcept.ch\/en\/wp-json\/wp\/v2\/product_tag?post=36020"}],"curies":[{"name":"wp","href":"https:\/\/api.w.org\/{rel}","templated":true}]}}