{"id":35962,"date":"2026-02-14T10:29:59","date_gmt":"2026-02-14T09:29:59","guid":{"rendered":"https:\/\/jaimeconcept.ch\/?post_type=product&#038;p=35962"},"modified":"2026-03-12T16:51:28","modified_gmt":"2026-03-12T15:51:28","slug":"gobelet-a-brosse-a-dents-hippo","status":"publish","type":"product","link":"https:\/\/jaimeconcept.ch\/en\/product\/gobelet-a-brosse-a-dents-hippo\/","title":{"rendered":"Toothbrush cup - Hippo"},"content":{"rendered":"<p>&#8211; Taille de l&#8217;article : environ 14,5 x 7 x 7 cm<br \/>\n&#8211; Avec un trou au fond pour le drainage des liquides<\/p>","protected":false},"excerpt":{"rendered":"<p>Gobelet \u00e0 brosse \u00e0 dents avec un trou au fond. Joli design et facile \u00e0 nettoyer &#8211; voil\u00e0 ce qu&#8217;on attend d&#8217;un gobelet \u00e0 brosse \u00e0 dents.<\/p>","protected":false},"featured_media":35969,"comment_status":"closed","ping_status":"closed","template":"","meta":[],"product_brand":[],"product_cat":[95],"product_tag":[],"class_list":{"0":"post-35962","1":"product","2":"type-product","3":"status-publish","4":"has-post-thumbnail","6":"product_cat-objets","8":"first","9":"instock","10":"taxable","11":"shipping-taxable","12":"purchasable","13":"product-type-simple"},"_links":{"self":[{"href":"https:\/\/jaimeconcept.ch\/en\/wp-json\/wp\/v2\/product\/35962","targetHints":{"allow":["GET"]}}],"collection":[{"href":"https:\/\/jaimeconcept.ch\/en\/wp-json\/wp\/v2\/product"}],"about":[{"href":"https:\/\/jaimeconcept.ch\/en\/wp-json\/wp\/v2\/types\/product"}],"replies":[{"embeddable":true,"href":"https:\/\/jaimeconcept.ch\/en\/wp-json\/wp\/v2\/comments?post=35962"}],"wp:featuredmedia":[{"embeddable":true,"href":"https:\/\/jaimeconcept.ch\/en\/wp-json\/wp\/v2\/media\/35969"}],"wp:attachment":[{"href":"https:\/\/jaimeconcept.ch\/en\/wp-json\/wp\/v2\/media?parent=35962"}],"wp:term":[{"taxonomy":"product_brand","embeddable":true,"href":"https:\/\/jaimeconcept.ch\/en\/wp-json\/wp\/v2\/product_brand?post=35962"},{"taxonomy":"product_cat","embeddable":true,"href":"https:\/\/jaimeconcept.ch\/en\/wp-json\/wp\/v2\/product_cat?post=35962"},{"taxonomy":"product_tag","embeddable":true,"href":"https:\/\/jaimeconcept.ch\/en\/wp-json\/wp\/v2\/product_tag?post=35962"}],"curies":[{"name":"wp","href":"https:\/\/api.w.org\/{rel}","templated":true}]}}