{"id":35716,"date":"2026-02-11T00:46:39","date_gmt":"2026-02-10T23:46:39","guid":{"rendered":"https:\/\/jaimeconcept.ch\/?post_type=product&#038;p=35716"},"modified":"2026-05-09T16:49:44","modified_gmt":"2026-05-09T14:49:44","slug":"forme-chat-the-vert-ananas-passion","status":"publish","type":"product","link":"https:\/\/jaimeconcept.ch\/en\/product\/forme-chat-the-vert-ananas-passion\/","title":{"rendered":"CAT SHAPE - THE GREEN PINEAPPLE PASSION"},"content":{"rendered":"<p>Ces sachets de th\u00e9 personnalis\u00e9s sont parfaits pour un moment de d\u00e9tente et de partage.<\/p>\n<p>Aussi beaux que bons !<\/p>\n<p>Nos sachets de th\u00e9 uniques sont cousus \u00e0 la main dans notre atelier lyonnais.<\/p>\n<p>Nous utilisons du fil de coton bio ne contenant pas de produits chimiques, et qui ne d\u00e9teint pas dans l&#8217;eau bouillante. Pour le tissu, il s&#8217;agit de gaze alimentaire.<\/p>\n<p>Nos th\u00e9s et tisanes sont issus d&#8217;agriculture biologique. Nos recettes sont gourmandes et subtiles.<\/p>","protected":false},"excerpt":{"rendered":"<p>Sachets de th\u00e9 &#8211; Chat x5 &#8211; Th\u00e9 Vert Ananas Passion<\/p>","protected":false},"featured_media":35717,"comment_status":"closed","ping_status":"closed","template":"","meta":[],"product_brand":[],"product_cat":[85,87],"product_tag":[],"class_list":{"0":"post-35716","1":"product","2":"type-product","3":"status-publish","4":"has-post-thumbnail","6":"product_cat-thes","7":"product_cat-en-sachet","8":"pa_fournisseur-tea-heritage","10":"first","11":"instock","12":"taxable","13":"shipping-taxable","14":"purchasable","15":"product-type-simple"},"_links":{"self":[{"href":"https:\/\/jaimeconcept.ch\/en\/wp-json\/wp\/v2\/product\/35716","targetHints":{"allow":["GET"]}}],"collection":[{"href":"https:\/\/jaimeconcept.ch\/en\/wp-json\/wp\/v2\/product"}],"about":[{"href":"https:\/\/jaimeconcept.ch\/en\/wp-json\/wp\/v2\/types\/product"}],"replies":[{"embeddable":true,"href":"https:\/\/jaimeconcept.ch\/en\/wp-json\/wp\/v2\/comments?post=35716"}],"wp:featuredmedia":[{"embeddable":true,"href":"https:\/\/jaimeconcept.ch\/en\/wp-json\/wp\/v2\/media\/35717"}],"wp:attachment":[{"href":"https:\/\/jaimeconcept.ch\/en\/wp-json\/wp\/v2\/media?parent=35716"}],"wp:term":[{"taxonomy":"product_brand","embeddable":true,"href":"https:\/\/jaimeconcept.ch\/en\/wp-json\/wp\/v2\/product_brand?post=35716"},{"taxonomy":"product_cat","embeddable":true,"href":"https:\/\/jaimeconcept.ch\/en\/wp-json\/wp\/v2\/product_cat?post=35716"},{"taxonomy":"product_tag","embeddable":true,"href":"https:\/\/jaimeconcept.ch\/en\/wp-json\/wp\/v2\/product_tag?post=35716"}],"curies":[{"name":"wp","href":"https:\/\/api.w.org\/{rel}","templated":true}]}}