{"id":35702,"date":"2026-02-10T23:59:43","date_gmt":"2026-02-10T22:59:43","guid":{"rendered":"https:\/\/jaimeconcept.ch\/?post_type=product&#038;p=35702"},"modified":"2026-04-01T09:47:24","modified_gmt":"2026-04-01T07:47:24","slug":"coffret-de-the-self-care-tea-10-sachets-aux-formes-cocooning","status":"publish","type":"product","link":"https:\/\/jaimeconcept.ch\/en\/product\/coffret-de-the-self-care-tea-10-sachets-aux-formes-cocooning\/","title":{"rendered":"Self Care Tea Gift Set - 10 Cocooning Shaped Tea Bags"},"content":{"rendered":"<p>Caract\u00e9ristiques :<\/p>\n<p>5 x 2 sachets (10 sachets de th\u00e9 en tout)<br \/>\nFormes \u00e9l\u00e9gantes et ludiques<br \/>\nParfait pour offrir comme cadeau th\u00e9 ou pour se faire plaisir \ud83d\udc96<br \/>\n100% BIO \ud83c\udf31, v\u00e9g\u00e9talien et sans gluten<br \/>\nFabrication artisanale \ud83c\udf43<br \/>\nTh\u00e9s aux saveurs d\u00e9licates pour un moment de bien-\u00eatre<\/p>","protected":false},"excerpt":{"rendered":"<p>Offrez ou offrez-vous un cadeau th\u00e9 unique avec notre Coffret &#8220;Self Care Tea&#8221; \ud83c\udf75. Ce coffret contient 5 vari\u00e9t\u00e9s de th\u00e9 100% BIO \ud83c\udf31, parfaites pour un moment de d\u00e9tente et de bien-\u00eatre. Chaque forme de sachet a \u00e9t\u00e9 sp\u00e9cialement pens\u00e9e pour apporter une touche de magie \u00e0 votre pause th\u00e9 \ud83d\udc96. Ce coffret est l\u2019id\u00e9al pour un cadeau th\u00e9 original, v\u00e9g\u00e9talien, sans gluten, et respectueux de l\u2019environnement \ud83c\udf0d.<\/p>\n<p>Le Coffret &#8220;Self Care Tea&#8221; contient 5 x 2 sachets<\/p>\n<p>Tous nos th\u00e9s sont 100% BIO \ud83c\udf31, v\u00e9g\u00e9taliens et sans gluten, offrant une exp\u00e9rience de d\u00e9gustation saine et apaisante \ud83d\ude0c. Ce cadeau th\u00e9 est parfait pour offrir \u00e0 vos proches ou pour prendre soin de vous, seul(e), lors de vos moments de relaxation.<\/p>","protected":false},"featured_media":35703,"comment_status":"closed","ping_status":"closed","template":"","meta":[],"product_brand":[],"product_cat":[85,87],"product_tag":[],"class_list":{"0":"post-35702","1":"product","2":"type-product","3":"status-publish","4":"has-post-thumbnail","6":"product_cat-thes","7":"product_cat-en-sachet","8":"pa_fournisseur-tea-heritage","10":"first","11":"instock","12":"taxable","13":"shipping-taxable","14":"purchasable","15":"product-type-simple"},"_links":{"self":[{"href":"https:\/\/jaimeconcept.ch\/en\/wp-json\/wp\/v2\/product\/35702","targetHints":{"allow":["GET"]}}],"collection":[{"href":"https:\/\/jaimeconcept.ch\/en\/wp-json\/wp\/v2\/product"}],"about":[{"href":"https:\/\/jaimeconcept.ch\/en\/wp-json\/wp\/v2\/types\/product"}],"replies":[{"embeddable":true,"href":"https:\/\/jaimeconcept.ch\/en\/wp-json\/wp\/v2\/comments?post=35702"}],"wp:featuredmedia":[{"embeddable":true,"href":"https:\/\/jaimeconcept.ch\/en\/wp-json\/wp\/v2\/media\/35703"}],"wp:attachment":[{"href":"https:\/\/jaimeconcept.ch\/en\/wp-json\/wp\/v2\/media?parent=35702"}],"wp:term":[{"taxonomy":"product_brand","embeddable":true,"href":"https:\/\/jaimeconcept.ch\/en\/wp-json\/wp\/v2\/product_brand?post=35702"},{"taxonomy":"product_cat","embeddable":true,"href":"https:\/\/jaimeconcept.ch\/en\/wp-json\/wp\/v2\/product_cat?post=35702"},{"taxonomy":"product_tag","embeddable":true,"href":"https:\/\/jaimeconcept.ch\/en\/wp-json\/wp\/v2\/product_tag?post=35702"}],"curies":[{"name":"wp","href":"https:\/\/api.w.org\/{rel}","templated":true}]}}