{"id":35699,"date":"2026-02-10T23:53:39","date_gmt":"2026-02-10T22:53:39","guid":{"rendered":"https:\/\/jaimeconcept.ch\/?post_type=product&#038;p=35699"},"modified":"2026-04-04T14:21:38","modified_gmt":"2026-04-04T12:21:38","slug":"coffret-the-book-of-tea-7-sachets-de-the-journaliers","status":"publish","type":"product","link":"https:\/\/jaimeconcept.ch\/en\/product\/coffret-the-book-of-tea-7-sachets-de-the-journaliers\/","title":{"rendered":"The Book of Tea - 7 daily tea bags"},"content":{"rendered":"<p>Aussi beau que bon, notre coffret contient : <\/p>\n<p>\ud83c\udf37 Sachet Fleur &#8211; Th\u00e9 Noir Earl Grey<br \/>\n\ud83c\udf3f Sachet Colibri &#8211; Rooibos Coco Amande<br \/>\n\ud83c\udf75 Sachet Tasse &#8211; Tisane Citron Verveine<br \/>\n\ud83e\uded6 Sachet Th\u00e9i\u00e8re &#8211; Th\u00e9 Vert Jasmin<br \/>\n\ud83c\udf50 Sachet Poire &#8211; Tisane Nuit Enchant\u00e9e<br \/>\n\u2618\ufe0f Sachet Tr\u00e8fle &#8211; Th\u00e9 Noir English Breakfast<br \/>\n\ud83e\udd8b Sachet Papillon &#8211; Th\u00e9 Vert Fleur d&#8217;Oranger<\/p>","protected":false},"excerpt":{"rendered":"<p>The Book of Tea, c&#8217;est le moment de la semaine ou une pause s&#8217;impose, un alliage entre la douceur du th\u00e9 et le visuel d&#8217;un roman.<\/p>\n<p>Chaque jour, d\u00e9couvre un sachet unique qui embellira ton quotidien et ravira tes papilles, en \u00e9t\u00e9 comme en hiver. \u00c0 (s&#8217;)offrir sans mod\u00e9ration ! <\/p>","protected":false},"featured_media":35700,"comment_status":"closed","ping_status":"closed","template":"","meta":[],"product_brand":[],"product_cat":[85,87],"product_tag":[],"class_list":{"0":"post-35699","1":"product","2":"type-product","3":"status-publish","4":"has-post-thumbnail","6":"product_cat-thes","7":"product_cat-en-sachet","8":"pa_fournisseur-tea-heritage","10":"first","11":"instock","12":"taxable","13":"shipping-taxable","14":"purchasable","15":"product-type-simple"},"_links":{"self":[{"href":"https:\/\/jaimeconcept.ch\/en\/wp-json\/wp\/v2\/product\/35699","targetHints":{"allow":["GET"]}}],"collection":[{"href":"https:\/\/jaimeconcept.ch\/en\/wp-json\/wp\/v2\/product"}],"about":[{"href":"https:\/\/jaimeconcept.ch\/en\/wp-json\/wp\/v2\/types\/product"}],"replies":[{"embeddable":true,"href":"https:\/\/jaimeconcept.ch\/en\/wp-json\/wp\/v2\/comments?post=35699"}],"wp:featuredmedia":[{"embeddable":true,"href":"https:\/\/jaimeconcept.ch\/en\/wp-json\/wp\/v2\/media\/35700"}],"wp:attachment":[{"href":"https:\/\/jaimeconcept.ch\/en\/wp-json\/wp\/v2\/media?parent=35699"}],"wp:term":[{"taxonomy":"product_brand","embeddable":true,"href":"https:\/\/jaimeconcept.ch\/en\/wp-json\/wp\/v2\/product_brand?post=35699"},{"taxonomy":"product_cat","embeddable":true,"href":"https:\/\/jaimeconcept.ch\/en\/wp-json\/wp\/v2\/product_cat?post=35699"},{"taxonomy":"product_tag","embeddable":true,"href":"https:\/\/jaimeconcept.ch\/en\/wp-json\/wp\/v2\/product_tag?post=35699"}],"curies":[{"name":"wp","href":"https:\/\/api.w.org\/{rel}","templated":true}]}}