{"id":35585,"date":"2026-02-09T20:59:56","date_gmt":"2026-02-09T19:59:56","guid":{"rendered":"https:\/\/jaimeconcept.ch\/?post_type=product&#038;p=35585"},"modified":"2026-02-11T23:50:10","modified_gmt":"2026-02-11T22:50:10","slug":"chaussettes-en-coton-peigne-a-carreaux-rose-et-peche","status":"publish","type":"product","link":"https:\/\/jaimeconcept.ch\/en\/product\/chaussettes-en-coton-peigne-a-carreaux-rose-et-peche\/","title":{"rendered":"Combed cotton check socks - Pink and peach"},"content":{"rendered":"<p>Les + produit :<\/p>\n<p>Chaussettes \u00e0 hauteur cheville et \u00e0 \u00e9paisseur interm\u00e9diaire (toutes saisons)<\/p>\n<p>Mod\u00e8le \u00e0 carreaux color\u00e9s<\/p>\n<p>Certifi\u00e9es OEKO-TEX, sans substances nocives pour la sant\u00e9\u202f<\/p>\n<p>Pointes et talons renforc\u00e9s par fils de nylon<\/p>\n<p>Taille unique : 37-40<\/p>\n<p>Logo BILLYBELT brod\u00e9 et color\u00e9<\/p>\n<p>Coloris : rose et p\u00eache<\/p>","protected":false},"excerpt":{"rendered":"<p>Taille unique 37\/40<\/p>\n<p>Mettez de la couleur et du style \u00e0 vos pieds !<\/p>","protected":false},"featured_media":35586,"comment_status":"closed","ping_status":"closed","template":"","meta":[],"product_brand":[],"product_cat":[436],"product_tag":[],"class_list":{"0":"post-35585","1":"product","2":"type-product","3":"status-publish","4":"has-post-thumbnail","6":"product_cat-chaussettes","8":"first","9":"instock","10":"taxable","11":"shipping-taxable","12":"purchasable","13":"product-type-simple"},"_links":{"self":[{"href":"https:\/\/jaimeconcept.ch\/en\/wp-json\/wp\/v2\/product\/35585","targetHints":{"allow":["GET"]}}],"collection":[{"href":"https:\/\/jaimeconcept.ch\/en\/wp-json\/wp\/v2\/product"}],"about":[{"href":"https:\/\/jaimeconcept.ch\/en\/wp-json\/wp\/v2\/types\/product"}],"replies":[{"embeddable":true,"href":"https:\/\/jaimeconcept.ch\/en\/wp-json\/wp\/v2\/comments?post=35585"}],"wp:featuredmedia":[{"embeddable":true,"href":"https:\/\/jaimeconcept.ch\/en\/wp-json\/wp\/v2\/media\/35586"}],"wp:attachment":[{"href":"https:\/\/jaimeconcept.ch\/en\/wp-json\/wp\/v2\/media?parent=35585"}],"wp:term":[{"taxonomy":"product_brand","embeddable":true,"href":"https:\/\/jaimeconcept.ch\/en\/wp-json\/wp\/v2\/product_brand?post=35585"},{"taxonomy":"product_cat","embeddable":true,"href":"https:\/\/jaimeconcept.ch\/en\/wp-json\/wp\/v2\/product_cat?post=35585"},{"taxonomy":"product_tag","embeddable":true,"href":"https:\/\/jaimeconcept.ch\/en\/wp-json\/wp\/v2\/product_tag?post=35585"}],"curies":[{"name":"wp","href":"https:\/\/api.w.org\/{rel}","templated":true}]}}