{"id":35349,"date":"2026-02-03T23:48:33","date_gmt":"2026-02-03T22:48:33","guid":{"rendered":"https:\/\/jaimeconcept.ch\/?post_type=product&#038;p=35349"},"modified":"2026-03-14T13:40:20","modified_gmt":"2026-03-14T12:40:20","slug":"au-bout-du-rolls-bougie-anti-fatigue","status":"publish","type":"product","link":"https:\/\/jaimeconcept.ch\/en\/product\/au-bout-du-rolls-bougie-anti-fatigue\/","title":{"rendered":"Au bout du rolls | Anti-fatigue candle\u201c"},"content":{"rendered":"<div class=\"prod-details__infos prod-infos\">\n<div class=\"prod-infos__wrapper\">\n<div class=\"prod-infos__desc\">\n<p>Ce matin vous avez confondu votre panier \u00e0 linge sale avec votre poubelle avant d&#8217;essayer d&#8217;acheter un caf\u00e9 avec votre carte vitale ? Pas de doute, vous \u00eates au bout du rolls. M\u00eame si cette fabuleuse bougie ne remplacera jamais une bonne nuit de sommeil, elle saura vous aider \u00e0 lutter contre tout signe de fatigue physique et psychique gr\u00e2ce aux vertus toniques et dynamisantes des huiles essentielles de pin sylvestre, bois de rose, citron et c\u00e8dre. Show must go on !<\/p>\n<\/div>\n<\/div>\n<\/div>","protected":false},"excerpt":{"rendered":"<table width=\"967\">\n<tbody>\n<tr>\n<td width=\"967\">Scented candle containing a lithotherapy stone. Net weight : 310g - Burning time : 60 hours<\/td>\n<\/tr>\n<\/tbody>\n<\/table>","protected":false},"featured_media":35346,"comment_status":"closed","ping_status":"closed","template":"","meta":[],"product_brand":[526],"product_cat":[80],"product_tag":[],"class_list":{"0":"post-35349","1":"product","2":"type-product","3":"status-publish","4":"has-post-thumbnail","6":"product_brand-yescire","7":"product_cat-bougies","9":"first","10":"instock","11":"taxable","12":"shipping-taxable","13":"purchasable","14":"product-type-simple"},"_links":{"self":[{"href":"https:\/\/jaimeconcept.ch\/en\/wp-json\/wp\/v2\/product\/35349","targetHints":{"allow":["GET"]}}],"collection":[{"href":"https:\/\/jaimeconcept.ch\/en\/wp-json\/wp\/v2\/product"}],"about":[{"href":"https:\/\/jaimeconcept.ch\/en\/wp-json\/wp\/v2\/types\/product"}],"replies":[{"embeddable":true,"href":"https:\/\/jaimeconcept.ch\/en\/wp-json\/wp\/v2\/comments?post=35349"}],"wp:featuredmedia":[{"embeddable":true,"href":"https:\/\/jaimeconcept.ch\/en\/wp-json\/wp\/v2\/media\/35346"}],"wp:attachment":[{"href":"https:\/\/jaimeconcept.ch\/en\/wp-json\/wp\/v2\/media?parent=35349"}],"wp:term":[{"taxonomy":"product_brand","embeddable":true,"href":"https:\/\/jaimeconcept.ch\/en\/wp-json\/wp\/v2\/product_brand?post=35349"},{"taxonomy":"product_cat","embeddable":true,"href":"https:\/\/jaimeconcept.ch\/en\/wp-json\/wp\/v2\/product_cat?post=35349"},{"taxonomy":"product_tag","embeddable":true,"href":"https:\/\/jaimeconcept.ch\/en\/wp-json\/wp\/v2\/product_tag?post=35349"}],"curies":[{"name":"wp","href":"https:\/\/api.w.org\/{rel}","templated":true}]}}