{"id":35348,"date":"2026-02-03T23:43:14","date_gmt":"2026-02-03T22:43:14","guid":{"rendered":"https:\/\/jaimeconcept.ch\/?post_type=product&#038;p=35348"},"modified":"2026-04-04T14:54:00","modified_gmt":"2026-04-04T12:54:00","slug":"wanted-homme-capable-bougie-attraction","status":"publish","type":"product","link":"https:\/\/jaimeconcept.ch\/en\/product\/wanted-homme-capable-bougie-attraction\/","title":{"rendered":"Wanted: capable man | \u201cattraction\u201d candle\u201d"},"content":{"rendered":"<p>Avis de recherche : apr\u00e8s des ann\u00e9es d&#8217;enqu\u00eate sur le terrain, on cherche toujours cette cr\u00e9ature mythique capable de remplacer une ampoule ET de se souvenir de votre anniversaire. Un sp\u00e9cimen rare qui sait o\u00f9 se trouve\u00a0le lave-vaisselle, qui r\u00e9pond aux messages et qui, soyons fous, communique ses \u00e9motions sans qu&#8217;on doive les deviner. Avec son quartz rose, cette bougie attire les relations authentiques et apaise votre c\u0153ur meurtri par tous ces &#8220;c&#8217;est compliqu\u00e9&#8221; et ces ghostings inexpliqu\u00e9s. Son parfum envo\u00fbtant de cardamome et f\u00e8ve tonka cr\u00e9e l&#8217;ambiance parfaite pour manifester enfin cet homme capable d&#8217;amour, d&#8217;\u00e9coute et accessoirement de trouver ses propres chaussettes. La barre est au sol mais apparemment, c&#8217;est encore trop haut pour certains.<\/p>","protected":false},"excerpt":{"rendered":"<table width=\"967\">\n<tbody>\n<tr>\n<td width=\"967\">Scented candle containing a lithotherapy stone. Net weight : 310g - Burning time : 60 hours<\/td>\n<\/tr>\n<\/tbody>\n<\/table>","protected":false},"featured_media":35347,"comment_status":"closed","ping_status":"closed","template":"","meta":[],"product_brand":[],"product_cat":[80],"product_tag":[],"class_list":{"0":"post-35348","1":"product","2":"type-product","3":"status-publish","4":"has-post-thumbnail","6":"product_cat-bougies","8":"first","9":"instock","10":"taxable","11":"shipping-taxable","12":"purchasable","13":"product-type-simple"},"_links":{"self":[{"href":"https:\/\/jaimeconcept.ch\/en\/wp-json\/wp\/v2\/product\/35348","targetHints":{"allow":["GET"]}}],"collection":[{"href":"https:\/\/jaimeconcept.ch\/en\/wp-json\/wp\/v2\/product"}],"about":[{"href":"https:\/\/jaimeconcept.ch\/en\/wp-json\/wp\/v2\/types\/product"}],"replies":[{"embeddable":true,"href":"https:\/\/jaimeconcept.ch\/en\/wp-json\/wp\/v2\/comments?post=35348"}],"wp:featuredmedia":[{"embeddable":true,"href":"https:\/\/jaimeconcept.ch\/en\/wp-json\/wp\/v2\/media\/35347"}],"wp:attachment":[{"href":"https:\/\/jaimeconcept.ch\/en\/wp-json\/wp\/v2\/media?parent=35348"}],"wp:term":[{"taxonomy":"product_brand","embeddable":true,"href":"https:\/\/jaimeconcept.ch\/en\/wp-json\/wp\/v2\/product_brand?post=35348"},{"taxonomy":"product_cat","embeddable":true,"href":"https:\/\/jaimeconcept.ch\/en\/wp-json\/wp\/v2\/product_cat?post=35348"},{"taxonomy":"product_tag","embeddable":true,"href":"https:\/\/jaimeconcept.ch\/en\/wp-json\/wp\/v2\/product_tag?post=35348"}],"curies":[{"name":"wp","href":"https:\/\/api.w.org\/{rel}","templated":true}]}}