{"id":31353,"date":"2025-12-03T01:24:45","date_gmt":"2025-12-03T00:24:45","guid":{"rendered":"https:\/\/jaime-save.geekworkers.dev\/?post_type=product&#038;p=31353"},"modified":"2026-04-15T17:56:09","modified_gmt":"2026-04-15T15:56:09","slug":"tasse-collegue-trop-sympa","status":"publish","type":"product","link":"https:\/\/jaimeconcept.ch\/en\/product\/tasse-collegue-trop-sympa\/","title":{"rendered":"Colleague too nice\u201c mug\u201d"},"content":{"rendered":"<table width=\"2047\">\n<tbody>\n<tr>\n<td width=\"2047\">Mug \u00e0 message de la marque &#8220;Bibiche fait son cirque&#8221;. Cr\u00e9ation Fran\u00e7aise. Impression \u00e0 la main dans leur atelier en Provence \u2600\ufe0f<\/p>\n<p>Contenance 250 ml<\/p>\n<p>Dimensions : diam\u00e8tre 90 mm \/ hauteur 80 mm. En c\u00e9ramique.<\/td>\n<\/tr>\n<\/tbody>\n<\/table>","protected":false},"excerpt":{"rendered":"<p>D\u00e9couvrez nos magnifiques tasses de chez &#8220;Bibiche fait son cirque&#8221;.<\/p>","protected":false},"featured_media":31351,"comment_status":"closed","ping_status":"closed","template":"","meta":[],"product_brand":[],"product_cat":[99,452],"product_tag":[],"class_list":{"0":"post-31353","1":"product","2":"type-product","3":"status-publish","4":"has-post-thumbnail","6":"product_cat-arts-de-la-table","7":"product_cat-tasses-gobelets-verres","9":"first","10":"instock","11":"taxable","12":"shipping-taxable","13":"purchasable","14":"product-type-simple"},"_links":{"self":[{"href":"https:\/\/jaimeconcept.ch\/en\/wp-json\/wp\/v2\/product\/31353","targetHints":{"allow":["GET"]}}],"collection":[{"href":"https:\/\/jaimeconcept.ch\/en\/wp-json\/wp\/v2\/product"}],"about":[{"href":"https:\/\/jaimeconcept.ch\/en\/wp-json\/wp\/v2\/types\/product"}],"replies":[{"embeddable":true,"href":"https:\/\/jaimeconcept.ch\/en\/wp-json\/wp\/v2\/comments?post=31353"}],"wp:featuredmedia":[{"embeddable":true,"href":"https:\/\/jaimeconcept.ch\/en\/wp-json\/wp\/v2\/media\/31351"}],"wp:attachment":[{"href":"https:\/\/jaimeconcept.ch\/en\/wp-json\/wp\/v2\/media?parent=31353"}],"wp:term":[{"taxonomy":"product_brand","embeddable":true,"href":"https:\/\/jaimeconcept.ch\/en\/wp-json\/wp\/v2\/product_brand?post=31353"},{"taxonomy":"product_cat","embeddable":true,"href":"https:\/\/jaimeconcept.ch\/en\/wp-json\/wp\/v2\/product_cat?post=31353"},{"taxonomy":"product_tag","embeddable":true,"href":"https:\/\/jaimeconcept.ch\/en\/wp-json\/wp\/v2\/product_tag?post=31353"}],"curies":[{"name":"wp","href":"https:\/\/api.w.org\/{rel}","templated":true}]}}