{"id":30716,"date":"2025-11-20T18:56:29","date_gmt":"2025-11-20T17:56:29","guid":{"rendered":"https:\/\/jaime-save.geekworkers.dev\/?post_type=product&#038;p=30716"},"modified":"2025-12-19T18:46:29","modified_gmt":"2025-12-19T17:46:29","slug":"sirop-cannelle-brut-biologique-400ml","status":"publish","type":"product","link":"https:\/\/jaimeconcept.ch\/en\/product\/sirop-cannelle-brut-biologique-400ml\/","title":{"rendered":"Raw Cinnamon Syrup - Organic - 400ml"},"content":{"rendered":"<p>Le\u00a0<strong>cinnamon syrup<\/strong>\u00a0par Bacanha est un \u00e9lixir de la fameuse \u00e9corce issue du cannelier de Ceylan. Son ar\u00f4me doux et \u00e9pic\u00e9 s&#8217;associe \u00e0 sa senteur remarquable.<\/p>\n<p>Le sirop brut de cannelle s&#8217;utilise dans vos caf\u00e9s, th\u00e9s, latt\u00e9s et \u00e9galement dans de nombreux cocktails.<\/p>","protected":false},"excerpt":{"rendered":"<p>L&#8217;engagement principal de l&#8217;entreprise Bacanha est l&#8217;excellence de ses produits : elle s\u00e9lectionne des ingr\u00e9dients de qualit\u00e9 pour proposer de v\u00e9ritables signatures gustatives.<\/p>","protected":false},"featured_media":30713,"comment_status":"closed","ping_status":"closed","template":"","meta":[],"product_brand":[],"product_cat":[435],"product_tag":[],"class_list":{"0":"post-30716","1":"product","2":"type-product","3":"status-publish","4":"has-post-thumbnail","6":"product_cat-sirops","8":"first","9":"instock","10":"taxable","11":"shipping-taxable","12":"purchasable","13":"product-type-simple"},"_links":{"self":[{"href":"https:\/\/jaimeconcept.ch\/en\/wp-json\/wp\/v2\/product\/30716","targetHints":{"allow":["GET"]}}],"collection":[{"href":"https:\/\/jaimeconcept.ch\/en\/wp-json\/wp\/v2\/product"}],"about":[{"href":"https:\/\/jaimeconcept.ch\/en\/wp-json\/wp\/v2\/types\/product"}],"replies":[{"embeddable":true,"href":"https:\/\/jaimeconcept.ch\/en\/wp-json\/wp\/v2\/comments?post=30716"}],"wp:featuredmedia":[{"embeddable":true,"href":"https:\/\/jaimeconcept.ch\/en\/wp-json\/wp\/v2\/media\/30713"}],"wp:attachment":[{"href":"https:\/\/jaimeconcept.ch\/en\/wp-json\/wp\/v2\/media?parent=30716"}],"wp:term":[{"taxonomy":"product_brand","embeddable":true,"href":"https:\/\/jaimeconcept.ch\/en\/wp-json\/wp\/v2\/product_brand?post=30716"},{"taxonomy":"product_cat","embeddable":true,"href":"https:\/\/jaimeconcept.ch\/en\/wp-json\/wp\/v2\/product_cat?post=30716"},{"taxonomy":"product_tag","embeddable":true,"href":"https:\/\/jaimeconcept.ch\/en\/wp-json\/wp\/v2\/product_tag?post=30716"}],"curies":[{"name":"wp","href":"https:\/\/api.w.org\/{rel}","templated":true}]}}