{"id":30715,"date":"2025-11-20T18:53:16","date_gmt":"2025-11-20T17:53:16","guid":{"rendered":"https:\/\/jaime-save.geekworkers.dev\/?post_type=product&#038;p=30715"},"modified":"2026-03-02T15:33:15","modified_gmt":"2026-03-02T14:33:15","slug":"sirop-brut-pumpkin-spice-400ml","status":"publish","type":"product","link":"https:\/\/jaimeconcept.ch\/en\/product\/sirop-brut-pumpkin-spice-400ml\/","title":{"rendered":"Pumpkin Spice Raw Syrup - 400ml"},"content":{"rendered":"<p>Le\u00a0<strong>raw pumpkin spice syrup<\/strong> offre une saveur riche et r\u00e9confortante, m\u00ealant la douceur de la citrouille \u00e0 des notes chaleureuses de cannelle, de gingembre et de clou de girofle.<\/p>\n<p>Chaque gorg\u00e9e \u00e9voque les d\u00e9lices de l&#8217;automne avec une complexit\u00e9 \u00e9pic\u00e9e qui enveloppe les papilles.<\/p>","protected":false},"excerpt":{"rendered":"<p>L&#8217;engagement principal de l&#8217;entreprise Bacanha est l&#8217;excellence de ses produits : elle s\u00e9lectionne des ingr\u00e9dients de qualit\u00e9 pour proposer de v\u00e9ritables signatures gustatives.<\/p>","protected":false},"featured_media":30714,"comment_status":"closed","ping_status":"closed","template":"","meta":[],"product_brand":[],"product_cat":[435],"product_tag":[],"class_list":{"0":"post-30715","1":"product","2":"type-product","3":"status-publish","4":"has-post-thumbnail","6":"product_cat-sirops","8":"first","9":"instock","10":"taxable","11":"shipping-taxable","12":"purchasable","13":"product-type-simple"},"_links":{"self":[{"href":"https:\/\/jaimeconcept.ch\/en\/wp-json\/wp\/v2\/product\/30715","targetHints":{"allow":["GET"]}}],"collection":[{"href":"https:\/\/jaimeconcept.ch\/en\/wp-json\/wp\/v2\/product"}],"about":[{"href":"https:\/\/jaimeconcept.ch\/en\/wp-json\/wp\/v2\/types\/product"}],"replies":[{"embeddable":true,"href":"https:\/\/jaimeconcept.ch\/en\/wp-json\/wp\/v2\/comments?post=30715"}],"wp:featuredmedia":[{"embeddable":true,"href":"https:\/\/jaimeconcept.ch\/en\/wp-json\/wp\/v2\/media\/30714"}],"wp:attachment":[{"href":"https:\/\/jaimeconcept.ch\/en\/wp-json\/wp\/v2\/media?parent=30715"}],"wp:term":[{"taxonomy":"product_brand","embeddable":true,"href":"https:\/\/jaimeconcept.ch\/en\/wp-json\/wp\/v2\/product_brand?post=30715"},{"taxonomy":"product_cat","embeddable":true,"href":"https:\/\/jaimeconcept.ch\/en\/wp-json\/wp\/v2\/product_cat?post=30715"},{"taxonomy":"product_tag","embeddable":true,"href":"https:\/\/jaimeconcept.ch\/en\/wp-json\/wp\/v2\/product_tag?post=30715"}],"curies":[{"name":"wp","href":"https:\/\/api.w.org\/{rel}","templated":true}]}}