{"id":30539,"date":"2025-11-16T18:01:31","date_gmt":"2025-11-16T17:01:31","guid":{"rendered":"https:\/\/jaime-save.geekworkers.dev\/?post_type=product&#038;p=30539"},"modified":"2026-01-28T14:32:26","modified_gmt":"2026-01-28T13:32:26","slug":"nuage-exfoliant-caramel-beurre-sale-400-ml","status":"publish","type":"product","link":"https:\/\/jaimeconcept.ch\/en\/product\/nuage-exfoliant-caramel-beurre-sale-400-ml\/","title":{"rendered":"Caramel Salted Butter Exfoliating Cloud - 400 ml"},"content":{"rendered":"","protected":false},"excerpt":{"rendered":"<p>Transformez votre douche en un voyage \u00e9l\u00e9gant et irr\u00e9sistible avec notre nuage exfoliant au d\u00e9licat parfum de caramel beurre sal\u00e9 !<\/p>\n<p>Plongez dans une exp\u00e9rience nouvelle et unique qui allie\u00a0exfoliation, nettoyage et hydratation en profondeur.<\/p>\n<p>Ce v\u00e9ritable\u00a0produit 3 en 1\u00a0deviendra bient\u00f4t votre alli\u00e9 indispensable pour \u00e9liminer les cellules mortes de la peau et retrouver une peau incroyablement douce, lisse et \u00e9clatante.<\/p>","protected":false},"featured_media":30534,"comment_status":"closed","ping_status":"closed","template":"","meta":[],"product_brand":[],"product_cat":[88,89],"product_tag":[],"class_list":{"0":"post-30539","1":"product","2":"type-product","3":"status-publish","4":"has-post-thumbnail","6":"product_cat-beaute","7":"product_cat-produit-douche","9":"first","10":"instock","11":"taxable","12":"shipping-taxable","13":"purchasable","14":"product-type-simple"},"_links":{"self":[{"href":"https:\/\/jaimeconcept.ch\/en\/wp-json\/wp\/v2\/product\/30539","targetHints":{"allow":["GET"]}}],"collection":[{"href":"https:\/\/jaimeconcept.ch\/en\/wp-json\/wp\/v2\/product"}],"about":[{"href":"https:\/\/jaimeconcept.ch\/en\/wp-json\/wp\/v2\/types\/product"}],"replies":[{"embeddable":true,"href":"https:\/\/jaimeconcept.ch\/en\/wp-json\/wp\/v2\/comments?post=30539"}],"wp:featuredmedia":[{"embeddable":true,"href":"https:\/\/jaimeconcept.ch\/en\/wp-json\/wp\/v2\/media\/30534"}],"wp:attachment":[{"href":"https:\/\/jaimeconcept.ch\/en\/wp-json\/wp\/v2\/media?parent=30539"}],"wp:term":[{"taxonomy":"product_brand","embeddable":true,"href":"https:\/\/jaimeconcept.ch\/en\/wp-json\/wp\/v2\/product_brand?post=30539"},{"taxonomy":"product_cat","embeddable":true,"href":"https:\/\/jaimeconcept.ch\/en\/wp-json\/wp\/v2\/product_cat?post=30539"},{"taxonomy":"product_tag","embeddable":true,"href":"https:\/\/jaimeconcept.ch\/en\/wp-json\/wp\/v2\/product_tag?post=30539"}],"curies":[{"name":"wp","href":"https:\/\/api.w.org\/{rel}","templated":true}]}}