{"id":30538,"date":"2025-11-16T17:54:21","date_gmt":"2025-11-16T16:54:21","guid":{"rendered":"https:\/\/jaime-save.geekworkers.dev\/?post_type=product&#038;p=30538"},"modified":"2026-03-28T14:04:53","modified_gmt":"2026-03-28T13:04:53","slug":"nuage-exfoliant-barbe-a-papa-400-ml","status":"publish","type":"product","link":"https:\/\/jaimeconcept.ch\/en\/product\/nuage-exfoliant-barbe-a-papa-400-ml\/","title":{"rendered":"Cotton Candy Exfoliating Cloud - 400 ml"},"content":{"rendered":"","protected":false},"excerpt":{"rendered":"<p>Envie d\u2019une exp\u00e9rience de douche gourmande 100% originale ?<\/p>\n<p>Ne cherchez plus ! Laissez-vous s\u00e9duire par notre nuage exfoliant au d\u00e9licieux parfum de barbe \u00e0 papa.<\/p>\n<p>Ce gommage r\u00e9volutionnaire offre un rituel de douche complet en un seul geste, alliant exfoliation, nettoyage et hydratation en profondeur. Pr\u00e9parez-vous \u00e0 tomber amoureux de cet irr\u00e9sistible 3-en-1 ! L&#8217;exfoliation est une \u00e9tape essentielle pour une peau saine et \u00e9clatante.<\/p>\n<p>Notre nuage exfoliant Barbe \u00e0 papa est sp\u00e9cialement con\u00e7u pour \u00e9liminer en douceur les cellules mortes de la peau et r\u00e9v\u00e9ler une peau douce et lisse. Les grains de sucre contenus dans la formule exfolient et am\u00e9liorent efficacement la texture de la peau et favorisent le renouvellement cellulaire, laissant la peau \u00e9clatante et r\u00e9g\u00e9n\u00e9r\u00e9e.<\/p>","protected":false},"featured_media":30533,"comment_status":"closed","ping_status":"closed","template":"","meta":[],"product_brand":[],"product_cat":[88,89],"product_tag":[],"class_list":{"0":"post-30538","1":"product","2":"type-product","3":"status-publish","4":"has-post-thumbnail","6":"product_cat-beaute","7":"product_cat-produit-douche","9":"first","10":"instock","11":"taxable","12":"shipping-taxable","13":"purchasable","14":"product-type-simple"},"_links":{"self":[{"href":"https:\/\/jaimeconcept.ch\/en\/wp-json\/wp\/v2\/product\/30538","targetHints":{"allow":["GET"]}}],"collection":[{"href":"https:\/\/jaimeconcept.ch\/en\/wp-json\/wp\/v2\/product"}],"about":[{"href":"https:\/\/jaimeconcept.ch\/en\/wp-json\/wp\/v2\/types\/product"}],"replies":[{"embeddable":true,"href":"https:\/\/jaimeconcept.ch\/en\/wp-json\/wp\/v2\/comments?post=30538"}],"wp:featuredmedia":[{"embeddable":true,"href":"https:\/\/jaimeconcept.ch\/en\/wp-json\/wp\/v2\/media\/30533"}],"wp:attachment":[{"href":"https:\/\/jaimeconcept.ch\/en\/wp-json\/wp\/v2\/media?parent=30538"}],"wp:term":[{"taxonomy":"product_brand","embeddable":true,"href":"https:\/\/jaimeconcept.ch\/en\/wp-json\/wp\/v2\/product_brand?post=30538"},{"taxonomy":"product_cat","embeddable":true,"href":"https:\/\/jaimeconcept.ch\/en\/wp-json\/wp\/v2\/product_cat?post=30538"},{"taxonomy":"product_tag","embeddable":true,"href":"https:\/\/jaimeconcept.ch\/en\/wp-json\/wp\/v2\/product_tag?post=30538"}],"curies":[{"name":"wp","href":"https:\/\/api.w.org\/{rel}","templated":true}]}}