{"id":30537,"date":"2025-11-16T17:50:14","date_gmt":"2025-11-16T16:50:14","guid":{"rendered":"https:\/\/jaime-save.geekworkers.dev\/?post_type=product&#038;p=30537"},"modified":"2026-02-21T15:03:37","modified_gmt":"2026-02-21T14:03:37","slug":"nuage-exfoliant-fruits-rouges-400-ml","status":"publish","type":"product","link":"https:\/\/jaimeconcept.ch\/en\/product\/nuage-exfoliant-fruits-rouges-400-ml\/","title":{"rendered":"Red berry exfoliating mist - 400 ml"},"content":{"rendered":"","protected":false},"excerpt":{"rendered":"<p>D\u00e9couvrez notre gommage naturel aux fruits rouges, v\u00e9ritable alli\u00e9 pour une peau douce et \u00e9clatante.<\/p>\n<p>Offrez-vous une\u00a0douche 100% unique et d\u00e9licieuse\u00a0avec ce nuage exfoliant au parfum s\u00e9duisant de fruits rouges.<\/p>\n<p>Vous ne pouvez pas vivre sans ce produit 3-en-1 qui exfolie, nettoie et hydrate en profondeur. Dites adieu aux peaux mortes et retrouvez\u00a0une peau de b\u00e9b\u00e9\u00a0irr\u00e9sistible.<\/p>\n<p>En plus d&#8217;exfolier, notre nuage exfoliant\u00a0nettoie la peau en profondeur\u00a0et \u00e9limine les impuret\u00e9s et les toxines.<\/p>","protected":false},"featured_media":30535,"comment_status":"closed","ping_status":"closed","template":"","meta":[],"product_brand":[],"product_cat":[88,89],"product_tag":[],"class_list":{"0":"post-30537","1":"product","2":"type-product","3":"status-publish","4":"has-post-thumbnail","6":"product_cat-beaute","7":"product_cat-produit-douche","9":"first","10":"instock","11":"taxable","12":"shipping-taxable","13":"purchasable","14":"product-type-simple"},"_links":{"self":[{"href":"https:\/\/jaimeconcept.ch\/en\/wp-json\/wp\/v2\/product\/30537","targetHints":{"allow":["GET"]}}],"collection":[{"href":"https:\/\/jaimeconcept.ch\/en\/wp-json\/wp\/v2\/product"}],"about":[{"href":"https:\/\/jaimeconcept.ch\/en\/wp-json\/wp\/v2\/types\/product"}],"replies":[{"embeddable":true,"href":"https:\/\/jaimeconcept.ch\/en\/wp-json\/wp\/v2\/comments?post=30537"}],"wp:featuredmedia":[{"embeddable":true,"href":"https:\/\/jaimeconcept.ch\/en\/wp-json\/wp\/v2\/media\/30535"}],"wp:attachment":[{"href":"https:\/\/jaimeconcept.ch\/en\/wp-json\/wp\/v2\/media?parent=30537"}],"wp:term":[{"taxonomy":"product_brand","embeddable":true,"href":"https:\/\/jaimeconcept.ch\/en\/wp-json\/wp\/v2\/product_brand?post=30537"},{"taxonomy":"product_cat","embeddable":true,"href":"https:\/\/jaimeconcept.ch\/en\/wp-json\/wp\/v2\/product_cat?post=30537"},{"taxonomy":"product_tag","embeddable":true,"href":"https:\/\/jaimeconcept.ch\/en\/wp-json\/wp\/v2\/product_tag?post=30537"}],"curies":[{"name":"wp","href":"https:\/\/api.w.org\/{rel}","templated":true}]}}