{"id":30536,"date":"2025-11-16T17:43:53","date_gmt":"2025-11-16T16:43:53","guid":{"rendered":"https:\/\/jaime-save.geekworkers.dev\/?post_type=product&#038;p=30536"},"modified":"2026-02-10T14:11:55","modified_gmt":"2026-02-10T13:11:55","slug":"nuage-exfoliant-nectar-dabricot-400-ml","status":"publish","type":"product","link":"https:\/\/jaimeconcept.ch\/en\/product\/nuage-exfoliant-nectar-dabricot-400-ml\/","title":{"rendered":"Apricot Nectar Exfoliating Cloud - 400 ml"},"content":{"rendered":"","protected":false},"excerpt":{"rendered":"<p>Transformez votre\u00a0routine de douche\u00a0en une exp\u00e9rience d\u00e9licieuse et unique avec notre nuage exfoliant au d\u00e9licieux parfum de nectar d&#8217;abricot !<\/p>\n<p>Pr\u00e9parez-vous \u00e0 d\u00e9couvrir\u00a0un v\u00e9ritable produit 3 en 1\u00a0qui exfolie, nettoie et hydrate votre peau en profondeur, offrant des r\u00e9sultats irr\u00e9sistiblement doux et \u00e9clatants.<\/p>\n<p>Dites adieu aux peaux mortes et retrouvez\u00a0une peau de b\u00e9b\u00e9\u00a0avec un seul produit !<\/p>\n<p>Le parfum doux et fruit\u00e9 vous transporte instantan\u00e9ment\u00a0dans les vergers valaisans, \u00e9veillant les sens.<\/p>","protected":false},"featured_media":30532,"comment_status":"closed","ping_status":"closed","template":"","meta":[],"product_brand":[],"product_cat":[88,89],"product_tag":[],"class_list":{"0":"post-30536","1":"product","2":"type-product","3":"status-publish","4":"has-post-thumbnail","6":"product_cat-beaute","7":"product_cat-produit-douche","9":"first","10":"instock","11":"taxable","12":"shipping-taxable","13":"purchasable","14":"product-type-simple"},"_links":{"self":[{"href":"https:\/\/jaimeconcept.ch\/en\/wp-json\/wp\/v2\/product\/30536","targetHints":{"allow":["GET"]}}],"collection":[{"href":"https:\/\/jaimeconcept.ch\/en\/wp-json\/wp\/v2\/product"}],"about":[{"href":"https:\/\/jaimeconcept.ch\/en\/wp-json\/wp\/v2\/types\/product"}],"replies":[{"embeddable":true,"href":"https:\/\/jaimeconcept.ch\/en\/wp-json\/wp\/v2\/comments?post=30536"}],"wp:featuredmedia":[{"embeddable":true,"href":"https:\/\/jaimeconcept.ch\/en\/wp-json\/wp\/v2\/media\/30532"}],"wp:attachment":[{"href":"https:\/\/jaimeconcept.ch\/en\/wp-json\/wp\/v2\/media?parent=30536"}],"wp:term":[{"taxonomy":"product_brand","embeddable":true,"href":"https:\/\/jaimeconcept.ch\/en\/wp-json\/wp\/v2\/product_brand?post=30536"},{"taxonomy":"product_cat","embeddable":true,"href":"https:\/\/jaimeconcept.ch\/en\/wp-json\/wp\/v2\/product_cat?post=30536"},{"taxonomy":"product_tag","embeddable":true,"href":"https:\/\/jaimeconcept.ch\/en\/wp-json\/wp\/v2\/product_tag?post=30536"}],"curies":[{"name":"wp","href":"https:\/\/api.w.org\/{rel}","templated":true}]}}