{"id":30523,"date":"2025-11-16T16:55:04","date_gmt":"2025-11-16T15:55:04","guid":{"rendered":"https:\/\/jaime-save.geekworkers.dev\/?post_type=product&#038;p=30523"},"modified":"2026-03-02T13:59:47","modified_gmt":"2026-03-02T12:59:47","slug":"mousse-de-douche-orange-peche","status":"publish","type":"product","link":"https:\/\/jaimeconcept.ch\/en\/product\/mousse-de-douche-orange-peche\/","title":{"rendered":"Orange shower foam - Peach"},"content":{"rendered":"","protected":false},"excerpt":{"rendered":"<p>Une texture chantilly, color\u00e9e orange, onctueuse et douce. Formul\u00e9e \u00e0 base d\u2019aloe vera d\u2019origine biologique et de glyc\u00e9rine v\u00e9g\u00e9tale hydratante, d\u00e9licieusement parfum\u00e9e \u00e0 la p\u00eache.<\/p>\n<p>Formule naturelle, vegan et Made in France pour le bien-\u00eatre des petits et grands, \u00e0 partir de 3 ans.<\/p>","protected":false},"featured_media":30529,"comment_status":"closed","ping_status":"closed","template":"","meta":[],"product_brand":[],"product_cat":[88,89],"product_tag":[],"class_list":{"0":"post-30523","1":"product","2":"type-product","3":"status-publish","4":"has-post-thumbnail","6":"product_cat-beaute","7":"product_cat-produit-douche","9":"first","10":"instock","11":"taxable","12":"shipping-taxable","13":"purchasable","14":"product-type-simple"},"_links":{"self":[{"href":"https:\/\/jaimeconcept.ch\/en\/wp-json\/wp\/v2\/product\/30523","targetHints":{"allow":["GET"]}}],"collection":[{"href":"https:\/\/jaimeconcept.ch\/en\/wp-json\/wp\/v2\/product"}],"about":[{"href":"https:\/\/jaimeconcept.ch\/en\/wp-json\/wp\/v2\/types\/product"}],"replies":[{"embeddable":true,"href":"https:\/\/jaimeconcept.ch\/en\/wp-json\/wp\/v2\/comments?post=30523"}],"wp:featuredmedia":[{"embeddable":true,"href":"https:\/\/jaimeconcept.ch\/en\/wp-json\/wp\/v2\/media\/30529"}],"wp:attachment":[{"href":"https:\/\/jaimeconcept.ch\/en\/wp-json\/wp\/v2\/media?parent=30523"}],"wp:term":[{"taxonomy":"product_brand","embeddable":true,"href":"https:\/\/jaimeconcept.ch\/en\/wp-json\/wp\/v2\/product_brand?post=30523"},{"taxonomy":"product_cat","embeddable":true,"href":"https:\/\/jaimeconcept.ch\/en\/wp-json\/wp\/v2\/product_cat?post=30523"},{"taxonomy":"product_tag","embeddable":true,"href":"https:\/\/jaimeconcept.ch\/en\/wp-json\/wp\/v2\/product_tag?post=30523"}],"curies":[{"name":"wp","href":"https:\/\/api.w.org\/{rel}","templated":true}]}}