{"id":29745,"date":"2025-10-25T13:10:06","date_gmt":"2025-10-25T11:10:06","guid":{"rendered":"https:\/\/jaime-save.geekworkers.dev\/?post_type=product&#038;p=29745"},"modified":"2026-02-16T17:38:12","modified_gmt":"2026-02-16T16:38:12","slug":"bouillotte-kitty-grise","status":"publish","type":"product","link":"https:\/\/jaimeconcept.ch\/en\/product\/bouillotte-kitty-grise\/","title":{"rendered":"Grey Kitty hot-water bottle"},"content":{"rendered":"<p>Bouillotte Kitty couleur grise avec housse en forme de chat. Douce au toucher.<\/p>\n<p>Bouillotte fonctionnelle parfaite pour se r\u00e9chauffer les jours froids d&#8217;hiver.<\/p>\n<p>\u00d4tez le bouchon et remplissez la bouillotte d&#8217;eau chaude, puis refermez. Bouillotte facile \u00e0 utiliser et s\u00fbre pour \u00e9viter des br\u00fblures.<\/p>\n<p>Cadeau original et dr\u00f4le, id\u00e9al pour des occasions comme les anniversaires, la f\u00eate des M\u00e8res, No\u00ebl et pour qui aime les chats.<\/p>\n<p>Dimensions: 35,5x22x3 cm &#8211; Mat\u00e9riel: cauchou\/polyester &#8211; Design: Balvi<\/p>","protected":false},"excerpt":{"rendered":"<p>Bouillotte Kitty couleur grise avec housse en forme de chat. Douce au toucher. Bouillotte fonctionnelle parfaite pour se r\u00e9chauffer les jours froids d&#8217;hiver. \u00d4tez le bouchon et remplissez la bouillotte d&#8217;eau chaude, puis refermez. Bouillotte facile \u00e0 utiliser et s\u00fbre pour \u00e9viter des br\u00fblures. Cadeau original et dr\u00f4le, id\u00e9al pour des occasions comme les anniversaires, [&hellip;]<\/p>\n","protected":false},"featured_media":29737,"comment_status":"closed","ping_status":"closed","template":"","meta":[],"product_brand":[],"product_cat":[92,95],"product_tag":[],"class_list":{"0":"post-29745","1":"product","2":"type-product","3":"status-publish","4":"has-post-thumbnail","6":"product_cat-decoration-lifestyle","7":"product_cat-objets","9":"first","10":"instock","11":"taxable","12":"shipping-taxable","13":"purchasable","14":"product-type-simple"},"_links":{"self":[{"href":"https:\/\/jaimeconcept.ch\/en\/wp-json\/wp\/v2\/product\/29745","targetHints":{"allow":["GET"]}}],"collection":[{"href":"https:\/\/jaimeconcept.ch\/en\/wp-json\/wp\/v2\/product"}],"about":[{"href":"https:\/\/jaimeconcept.ch\/en\/wp-json\/wp\/v2\/types\/product"}],"replies":[{"embeddable":true,"href":"https:\/\/jaimeconcept.ch\/en\/wp-json\/wp\/v2\/comments?post=29745"}],"wp:featuredmedia":[{"embeddable":true,"href":"https:\/\/jaimeconcept.ch\/en\/wp-json\/wp\/v2\/media\/29737"}],"wp:attachment":[{"href":"https:\/\/jaimeconcept.ch\/en\/wp-json\/wp\/v2\/media?parent=29745"}],"wp:term":[{"taxonomy":"product_brand","embeddable":true,"href":"https:\/\/jaimeconcept.ch\/en\/wp-json\/wp\/v2\/product_brand?post=29745"},{"taxonomy":"product_cat","embeddable":true,"href":"https:\/\/jaimeconcept.ch\/en\/wp-json\/wp\/v2\/product_cat?post=29745"},{"taxonomy":"product_tag","embeddable":true,"href":"https:\/\/jaimeconcept.ch\/en\/wp-json\/wp\/v2\/product_tag?post=29745"}],"curies":[{"name":"wp","href":"https:\/\/api.w.org\/{rel}","templated":true}]}}