{"id":29744,"date":"2025-10-25T13:03:18","date_gmt":"2025-10-25T11:03:18","guid":{"rendered":"https:\/\/jaime-save.geekworkers.dev\/?post_type=product&#038;p=29744"},"modified":"2026-02-20T17:51:49","modified_gmt":"2026-02-20T16:51:49","slug":"infuseur-the-acorn-marron","status":"publish","type":"product","link":"https:\/\/jaimeconcept.ch\/en\/product\/infuseur-the-acorn-marron\/","title":{"rendered":"Brown Acorn tea infuser"},"content":{"rendered":"<p>Infuseur th\u00e9 Acorn couleur bru. Infuseur double en forme de branche avec glands.<\/p>\n<p>Deux infuseurs en un ! Boule \u00e0 th\u00e9 double en forme de glands de ch\u00eane, parfaite pour pr\u00e9parer un ou deux th\u00e9s en m\u00eame temps.<\/p>\n<p>Partagez votre th\u00e9 pr\u00e9f\u00e9r\u00e9 ou doublez la dose ! Placez une boule \u00e0 th\u00e9 dans chaque tasse et profitez d\u2019un moment de d\u00e9tente.<\/p>\n<p>Fabriqu\u00e9 en silicone de haute qualit\u00e9, il est l\u00e9ger, facile \u00e0 manipuler et \u00e0 nettoyer.<\/p>\n<p>\u00c0 offrir en toute occasion aux amis ou couples ins\u00e9parables et aux amateurs de th\u00e9 et d\u2019objets uniques.<\/p>\n<p>Dimensions: 10,5&#215;8,5&#215;4 cm &#8211; Mat\u00e9riel: silicone &#8211; Design: Balvi<\/p>","protected":false},"excerpt":{"rendered":"<p>Infuseur th\u00e9 Acorn couleur bru. Infuseur double en forme de branche avec glands. Deux infuseurs en un ! Boule \u00e0 th\u00e9 double en forme de glands de ch\u00eane, parfaite pour pr\u00e9parer un ou deux th\u00e9s en m\u00eame temps. Partagez votre th\u00e9 pr\u00e9f\u00e9r\u00e9 ou doublez la dose ! Placez une boule \u00e0 th\u00e9 dans chaque tasse [&hellip;]<\/p>\n","protected":false},"featured_media":29731,"comment_status":"closed","ping_status":"closed","template":"","meta":[],"product_brand":[],"product_cat":[99,453],"product_tag":[],"class_list":{"0":"post-29744","1":"product","2":"type-product","3":"status-publish","4":"has-post-thumbnail","6":"product_cat-arts-de-la-table","7":"product_cat-ustensiles","9":"first","10":"instock","11":"taxable","12":"shipping-taxable","13":"purchasable","14":"product-type-simple"},"_links":{"self":[{"href":"https:\/\/jaimeconcept.ch\/en\/wp-json\/wp\/v2\/product\/29744","targetHints":{"allow":["GET"]}}],"collection":[{"href":"https:\/\/jaimeconcept.ch\/en\/wp-json\/wp\/v2\/product"}],"about":[{"href":"https:\/\/jaimeconcept.ch\/en\/wp-json\/wp\/v2\/types\/product"}],"replies":[{"embeddable":true,"href":"https:\/\/jaimeconcept.ch\/en\/wp-json\/wp\/v2\/comments?post=29744"}],"wp:featuredmedia":[{"embeddable":true,"href":"https:\/\/jaimeconcept.ch\/en\/wp-json\/wp\/v2\/media\/29731"}],"wp:attachment":[{"href":"https:\/\/jaimeconcept.ch\/en\/wp-json\/wp\/v2\/media?parent=29744"}],"wp:term":[{"taxonomy":"product_brand","embeddable":true,"href":"https:\/\/jaimeconcept.ch\/en\/wp-json\/wp\/v2\/product_brand?post=29744"},{"taxonomy":"product_cat","embeddable":true,"href":"https:\/\/jaimeconcept.ch\/en\/wp-json\/wp\/v2\/product_cat?post=29744"},{"taxonomy":"product_tag","embeddable":true,"href":"https:\/\/jaimeconcept.ch\/en\/wp-json\/wp\/v2\/product_tag?post=29744"}],"curies":[{"name":"wp","href":"https:\/\/api.w.org\/{rel}","templated":true}]}}