{"id":29742,"date":"2025-10-25T12:55:31","date_gmt":"2025-10-25T10:55:31","guid":{"rendered":"https:\/\/jaime-save.geekworkers.dev\/?post_type=product&#038;p=29742"},"modified":"2025-10-25T15:12:00","modified_gmt":"2025-10-25T13:12:00","slug":"infuseur-the-coquette-rouge","status":"publish","type":"product","link":"https:\/\/jaimeconcept.ch\/en\/product\/infuseur-the-coquette-rouge\/","title":{"rendered":"Red Coquette tea infuser"},"content":{"rendered":"<p>Infuseur th\u00e9 Coquette de couleur rouge en forme de n\u0153ud.<\/p>\n<p>Le cadeau parfait pour les amateurs de th\u00e9 qui appr\u00e9cient les d\u00e9tails \u00e9l\u00e9gants et le style &#8220;coquette&#8221;.<\/p>\n<p>En acier inoxydable et silicone, il s&#8217;adapte \u00e0 tout type de tasses. L\u00e9ger, et facile \u00e0 nettoyer.<\/p>\n<p>En forme de coeur. Son m\u00e9canisme de verrouillage permet de le d\u00e9tacher du n\u0153ud, de le laver ou de l&#8217;\u00e9changer contre un autre. Toutes les pi\u00e8ces passent au lave-vaisselle.<\/p>\n<p>Dimensions: 15x4x2 cm &#8211; Mat\u00e9riel: inox\/silicone &#8211; Design: Balvi<\/p>","protected":false},"excerpt":{"rendered":"<p>Infuseur th\u00e9 Coquette de couleur rouge en forme de n\u0153ud. Le cadeau parfait pour les amateurs de th\u00e9 qui appr\u00e9cient les d\u00e9tails \u00e9l\u00e9gants et le style &#8220;coquette&#8221;. En acier inoxydable et silicone, il s&#8217;adapte \u00e0 tout type de tasses. L\u00e9ger, et facile \u00e0 nettoyer. En forme de coeur. Son m\u00e9canisme de verrouillage permet de le [&hellip;]<\/p>\n","protected":false},"featured_media":29735,"comment_status":"closed","ping_status":"closed","template":"","meta":[],"product_brand":[],"product_cat":[99,453],"product_tag":[],"class_list":{"0":"post-29742","1":"product","2":"type-product","3":"status-publish","4":"has-post-thumbnail","6":"product_cat-arts-de-la-table","7":"product_cat-ustensiles","9":"first","10":"instock","11":"taxable","12":"shipping-taxable","13":"purchasable","14":"product-type-simple"},"_links":{"self":[{"href":"https:\/\/jaimeconcept.ch\/en\/wp-json\/wp\/v2\/product\/29742","targetHints":{"allow":["GET"]}}],"collection":[{"href":"https:\/\/jaimeconcept.ch\/en\/wp-json\/wp\/v2\/product"}],"about":[{"href":"https:\/\/jaimeconcept.ch\/en\/wp-json\/wp\/v2\/types\/product"}],"replies":[{"embeddable":true,"href":"https:\/\/jaimeconcept.ch\/en\/wp-json\/wp\/v2\/comments?post=29742"}],"wp:featuredmedia":[{"embeddable":true,"href":"https:\/\/jaimeconcept.ch\/en\/wp-json\/wp\/v2\/media\/29735"}],"wp:attachment":[{"href":"https:\/\/jaimeconcept.ch\/en\/wp-json\/wp\/v2\/media?parent=29742"}],"wp:term":[{"taxonomy":"product_brand","embeddable":true,"href":"https:\/\/jaimeconcept.ch\/en\/wp-json\/wp\/v2\/product_brand?post=29742"},{"taxonomy":"product_cat","embeddable":true,"href":"https:\/\/jaimeconcept.ch\/en\/wp-json\/wp\/v2\/product_cat?post=29742"},{"taxonomy":"product_tag","embeddable":true,"href":"https:\/\/jaimeconcept.ch\/en\/wp-json\/wp\/v2\/product_tag?post=29742"}],"curies":[{"name":"wp","href":"https:\/\/api.w.org\/{rel}","templated":true}]}}