{"id":29739,"date":"2025-10-25T12:37:26","date_gmt":"2025-10-25T10:37:26","guid":{"rendered":"https:\/\/jaime-save.geekworkers.dev\/?post_type=product&#038;p=29739"},"modified":"2026-02-06T14:51:57","modified_gmt":"2026-02-06T13:51:57","slug":"coffret-mini-huile-dolive","status":"publish","type":"product","link":"https:\/\/jaimeconcept.ch\/en\/product\/coffret-mini-huile-dolive\/","title":{"rendered":"Mini\u201c olive oil set"},"content":{"rendered":"<p>D\u00e9couvrez notre coffret sp\u00e9cial r\u00e9unissant six saveurs incontournables ! Plongez dans l&#8217;univers enchanteur de Yiayia et de ses amis avec notre assortiment de mini-huiles d&#8217;olive vierge extra : citron acidul\u00e9, truffe terreuse, piment \u00e9pic\u00e9, basilic rafra\u00eechissant, ail piquant et notre huile d&#8217;olive extra vierge originale tant appr\u00e9ci\u00e9e.<\/p>","protected":false},"excerpt":{"rendered":"<p>Chez Yiayia, le naturel est toujours meilleur. Une huile d&#8217;olive de Cr\u00e8te d&#8217;une qualit\u00e9 exceptionnelle. Sans additifs ind\u00e9sirables, juste la douceur naturelle.<\/p>","protected":false},"featured_media":29733,"comment_status":"closed","ping_status":"closed","template":"","meta":[],"product_brand":[],"product_cat":[475],"product_tag":[],"class_list":{"0":"post-29739","1":"product","2":"type-product","3":"status-publish","4":"has-post-thumbnail","6":"product_cat-huiles","8":"first","9":"instock","10":"taxable","11":"shipping-taxable","12":"purchasable","13":"product-type-simple"},"_links":{"self":[{"href":"https:\/\/jaimeconcept.ch\/en\/wp-json\/wp\/v2\/product\/29739","targetHints":{"allow":["GET"]}}],"collection":[{"href":"https:\/\/jaimeconcept.ch\/en\/wp-json\/wp\/v2\/product"}],"about":[{"href":"https:\/\/jaimeconcept.ch\/en\/wp-json\/wp\/v2\/types\/product"}],"replies":[{"embeddable":true,"href":"https:\/\/jaimeconcept.ch\/en\/wp-json\/wp\/v2\/comments?post=29739"}],"wp:featuredmedia":[{"embeddable":true,"href":"https:\/\/jaimeconcept.ch\/en\/wp-json\/wp\/v2\/media\/29733"}],"wp:attachment":[{"href":"https:\/\/jaimeconcept.ch\/en\/wp-json\/wp\/v2\/media?parent=29739"}],"wp:term":[{"taxonomy":"product_brand","embeddable":true,"href":"https:\/\/jaimeconcept.ch\/en\/wp-json\/wp\/v2\/product_brand?post=29739"},{"taxonomy":"product_cat","embeddable":true,"href":"https:\/\/jaimeconcept.ch\/en\/wp-json\/wp\/v2\/product_cat?post=29739"},{"taxonomy":"product_tag","embeddable":true,"href":"https:\/\/jaimeconcept.ch\/en\/wp-json\/wp\/v2\/product_tag?post=29739"}],"curies":[{"name":"wp","href":"https:\/\/api.w.org\/{rel}","templated":true}]}}