{"id":29163,"date":"2025-10-07T20:40:49","date_gmt":"2025-10-07T18:40:49","guid":{"rendered":"https:\/\/jaime-save.geekworkers.dev\/?post_type=product&#038;p=29163"},"modified":"2026-02-14T12:03:02","modified_gmt":"2026-02-14T11:03:02","slug":"oeuf-a-the-ecureuil","status":"publish","type":"product","link":"https:\/\/jaimeconcept.ch\/en\/product\/oeuf-a-the-ecureuil\/","title":{"rendered":"Squirrel tea egg"},"content":{"rendered":"<p>D\u00e9couvrez une fa\u00e7on mignonne de d\u00e9guster votre th\u00e9 avec notre \u00ab \u0153uf \u00e0 th\u00e9 en forme d&#8217;\u00e9cureuil \u00bb, un accessoire charmant et fonctionnel pour tous les amateurs de th\u00e9.<\/p>","protected":false},"excerpt":{"rendered":"<p>D\u00e9couvrez une fa\u00e7on mignonne de d\u00e9guster votre th\u00e9 avec notre \u00ab \u0153uf \u00e0 th\u00e9 en forme d&#8217;\u00e9cureuil \u00bb, un accessoire charmant et fonctionnel pour tous les amateurs de th\u00e9.<\/p>","protected":false},"featured_media":29164,"comment_status":"closed","ping_status":"closed","template":"","meta":[],"product_brand":[],"product_cat":[99,453],"product_tag":[],"class_list":{"0":"post-29163","1":"product","2":"type-product","3":"status-publish","4":"has-post-thumbnail","6":"product_cat-arts-de-la-table","7":"product_cat-ustensiles","9":"first","10":"instock","11":"taxable","12":"shipping-taxable","13":"purchasable","14":"product-type-simple"},"_links":{"self":[{"href":"https:\/\/jaimeconcept.ch\/en\/wp-json\/wp\/v2\/product\/29163","targetHints":{"allow":["GET"]}}],"collection":[{"href":"https:\/\/jaimeconcept.ch\/en\/wp-json\/wp\/v2\/product"}],"about":[{"href":"https:\/\/jaimeconcept.ch\/en\/wp-json\/wp\/v2\/types\/product"}],"replies":[{"embeddable":true,"href":"https:\/\/jaimeconcept.ch\/en\/wp-json\/wp\/v2\/comments?post=29163"}],"wp:featuredmedia":[{"embeddable":true,"href":"https:\/\/jaimeconcept.ch\/en\/wp-json\/wp\/v2\/media\/29164"}],"wp:attachment":[{"href":"https:\/\/jaimeconcept.ch\/en\/wp-json\/wp\/v2\/media?parent=29163"}],"wp:term":[{"taxonomy":"product_brand","embeddable":true,"href":"https:\/\/jaimeconcept.ch\/en\/wp-json\/wp\/v2\/product_brand?post=29163"},{"taxonomy":"product_cat","embeddable":true,"href":"https:\/\/jaimeconcept.ch\/en\/wp-json\/wp\/v2\/product_cat?post=29163"},{"taxonomy":"product_tag","embeddable":true,"href":"https:\/\/jaimeconcept.ch\/en\/wp-json\/wp\/v2\/product_tag?post=29163"}],"curies":[{"name":"wp","href":"https:\/\/api.w.org\/{rel}","templated":true}]}}