{"id":29076,"date":"2025-10-04T11:07:06","date_gmt":"2025-10-04T09:07:06","guid":{"rendered":"https:\/\/jaime-save.geekworkers.dev\/?post_type=product&#038;p=29076"},"modified":"2026-03-04T17:57:22","modified_gmt":"2026-03-04T16:57:22","slug":"gourde-canard","status":"publish","type":"product","link":"https:\/\/jaimeconcept.ch\/en\/product\/gourde-canard\/","title":{"rendered":"Duck bottle"},"content":{"rendered":"<p>Voici votre nouvelle meilleure amie ! Cette adorable gourde vous aide \u00e0 rester hydrat\u00e9(e) toute la journ\u00e9e et sont dot\u00e9es d&#8217;une t\u00eate de personnage amovible en silicone \u00e0 collectionner qui ajoute une touche ludique \u00e0 chaque gorg\u00e9e. Gr\u00e2ce \u00e0 son isolation sous vide \u00e0 double paroi, elle garde vos boissons fra\u00eeches jusqu&#8217;\u00e0 24 heures, id\u00e9ales pour affronter toutes les situations de la journ\u00e9e. De plus, avec son format pratique de 47 cl, elle se glisse facilement dans votre sac ou votre porte-gobelet, vous permettant ainsi d&#8217;emmener votre meilleure amie partout o\u00f9 vous allez.<\/p>","protected":false},"excerpt":{"rendered":"<p>The bottles have 100% lead-, PFAS-, BPA- and phthalate-free glass, so you can sip with confidence!<\/p>","protected":false},"featured_media":29055,"comment_status":"closed","ping_status":"closed","template":"","meta":[],"product_brand":[],"product_cat":[417],"product_tag":[],"class_list":{"0":"post-29076","1":"product","2":"type-product","3":"status-publish","4":"has-post-thumbnail","6":"product_cat-bouteilles-carafes","8":"first","9":"instock","10":"taxable","11":"shipping-taxable","12":"purchasable","13":"product-type-simple"},"_links":{"self":[{"href":"https:\/\/jaimeconcept.ch\/en\/wp-json\/wp\/v2\/product\/29076","targetHints":{"allow":["GET"]}}],"collection":[{"href":"https:\/\/jaimeconcept.ch\/en\/wp-json\/wp\/v2\/product"}],"about":[{"href":"https:\/\/jaimeconcept.ch\/en\/wp-json\/wp\/v2\/types\/product"}],"replies":[{"embeddable":true,"href":"https:\/\/jaimeconcept.ch\/en\/wp-json\/wp\/v2\/comments?post=29076"}],"wp:featuredmedia":[{"embeddable":true,"href":"https:\/\/jaimeconcept.ch\/en\/wp-json\/wp\/v2\/media\/29055"}],"wp:attachment":[{"href":"https:\/\/jaimeconcept.ch\/en\/wp-json\/wp\/v2\/media?parent=29076"}],"wp:term":[{"taxonomy":"product_brand","embeddable":true,"href":"https:\/\/jaimeconcept.ch\/en\/wp-json\/wp\/v2\/product_brand?post=29076"},{"taxonomy":"product_cat","embeddable":true,"href":"https:\/\/jaimeconcept.ch\/en\/wp-json\/wp\/v2\/product_cat?post=29076"},{"taxonomy":"product_tag","embeddable":true,"href":"https:\/\/jaimeconcept.ch\/en\/wp-json\/wp\/v2\/product_tag?post=29076"}],"curies":[{"name":"wp","href":"https:\/\/api.w.org\/{rel}","templated":true}]}}