{"id":28915,"date":"2025-09-30T10:56:29","date_gmt":"2025-09-30T08:56:29","guid":{"rendered":"https:\/\/jaime-save.geekworkers.dev\/?post_type=product&#038;p=28915"},"modified":"2026-02-14T14:24:00","modified_gmt":"2026-02-14T13:24:00","slug":"cosy-season-bougie-cornaline-vitalite","status":"publish","type":"product","link":"https:\/\/jaimeconcept.ch\/en\/product\/cosy-season-bougie-cornaline-vitalite\/","title":{"rendered":"Cosy season | Vitality carnelian candle\u201c"},"content":{"rendered":"<p>Sortez les plaids, les grosses chaussettes et votre mug pr\u00e9f\u00e9r\u00e9 : c\u2019est officiellement la saison o\u00f9 l&#8217;on peut rester enferm\u00e9 toute une journ\u00e9e sans la moindre culpabilit\u00e9. Cette bougie, c\u2019est comme un shot de pumpkin spice sans l\u2019overdose de caf\u00e9ine. Sa cornaline booste vos journ\u00e9es et chasse la fatigue saisonni\u00e8re. R\u00e9sultat : vous rayonnez autant que votre bougie, m\u00eame emmitoufl\u00e9(e) sous trois couches de plaid.<\/p>","protected":false},"excerpt":{"rendered":"<p>Scented candle containing a lithotherapy stone. Net weight : 315g - Burn time : 60 hours<\/p>","protected":false},"featured_media":28906,"comment_status":"closed","ping_status":"closed","template":"","meta":[],"product_brand":[526],"product_cat":[80],"product_tag":[],"class_list":{"0":"post-28915","1":"product","2":"type-product","3":"status-publish","4":"has-post-thumbnail","6":"product_brand-yescire","7":"product_cat-bougies","9":"first","10":"instock","11":"taxable","12":"shipping-taxable","13":"purchasable","14":"product-type-simple"},"_links":{"self":[{"href":"https:\/\/jaimeconcept.ch\/en\/wp-json\/wp\/v2\/product\/28915","targetHints":{"allow":["GET"]}}],"collection":[{"href":"https:\/\/jaimeconcept.ch\/en\/wp-json\/wp\/v2\/product"}],"about":[{"href":"https:\/\/jaimeconcept.ch\/en\/wp-json\/wp\/v2\/types\/product"}],"replies":[{"embeddable":true,"href":"https:\/\/jaimeconcept.ch\/en\/wp-json\/wp\/v2\/comments?post=28915"}],"wp:featuredmedia":[{"embeddable":true,"href":"https:\/\/jaimeconcept.ch\/en\/wp-json\/wp\/v2\/media\/28906"}],"wp:attachment":[{"href":"https:\/\/jaimeconcept.ch\/en\/wp-json\/wp\/v2\/media?parent=28915"}],"wp:term":[{"taxonomy":"product_brand","embeddable":true,"href":"https:\/\/jaimeconcept.ch\/en\/wp-json\/wp\/v2\/product_brand?post=28915"},{"taxonomy":"product_cat","embeddable":true,"href":"https:\/\/jaimeconcept.ch\/en\/wp-json\/wp\/v2\/product_cat?post=28915"},{"taxonomy":"product_tag","embeddable":true,"href":"https:\/\/jaimeconcept.ch\/en\/wp-json\/wp\/v2\/product_tag?post=28915"}],"curies":[{"name":"wp","href":"https:\/\/api.w.org\/{rel}","templated":true}]}}