{"id":28723,"date":"2025-09-25T19:01:32","date_gmt":"2025-09-25T17:01:32","guid":{"rendered":"https:\/\/jaime-save.geekworkers.dev\/?post_type=product&#038;p=28723"},"modified":"2026-04-26T12:43:05","modified_gmt":"2026-04-26T10:43:05","slug":"calendrier-avent-mon-petit-chalet","status":"publish","type":"product","link":"https:\/\/jaimeconcept.ch\/en\/product\/calendrier-avent-mon-petit-chalet\/","title":{"rendered":"ADVENT CALENDAR - MON PETIT CHALET"},"content":{"rendered":"<p data-start=\"300\" data-end=\"364\"><strong data-start=\"300\" data-end=\"364\">24 days of sweetness, surprises... and organic teas to savour.<\/strong><\/p>\n<p data-start=\"366\" data-end=\"671\">Immerse yourself in the magic of Christmas with our\u00a0<strong data-start=\"407\" data-end=\"440\">Organic Tea Advent Calendar<\/strong>, a limited edition that's as beautiful as it is delicious. Every morning in December, discover a new flavour of tea or infusion in a beautifully illustrated box. A poetic and gourmet way to wait until 25 December. \u2744\ufe0f????<\/p>\n<h3 data-start=\"678\" data-end=\"719\">???? What's in your Calendar :<\/h3>\n<ul data-start=\"720\" data-end=\"1076\">\n<li data-start=\"720\" data-end=\"842\">\n<p data-start=\"722\" data-end=\"842\"><strong data-start=\"722\" data-end=\"759\">24 organic tea and herbal tea bags<\/strong>\u00a0An exclusive selection of green and black teas, rooibos and gourmet herbal teas.<\/p>\n<\/li>\n<li data-start=\"843\" data-end=\"957\">\n<p data-start=\"845\" data-end=\"957\"><strong data-start=\"845\" data-end=\"875\">Mon Petit Chalet design<\/strong>\u00a0An illustrated box full of charm, just like winter in a cosy chalet.<\/p>\n<\/li>\n<li data-start=\"958\" data-end=\"1076\">\n<p data-start=\"960\" data-end=\"1076\"><strong data-start=\"960\" data-end=\"996\">Personalised tea bags<\/strong>\u00a0Heart-shaped, star-shaped or fir tree-shaped, handmade in France.<\/p>\n<\/li>\n<\/ul>","protected":false},"excerpt":{"rendered":"<p>24 jours de douceur, de surprises\u2026 et de th\u00e9s bio \u00e0 savourer. Plongez dans la magie de No\u00ebl avec notre\u00a0Calendrier de l\u2019Avent Th\u00e9 Bio, une \u00e9dition limit\u00e9e aussi belle que d\u00e9licieuse. Chaque matin de d\u00e9cembre, d\u00e9couvrez une nouvelle saveur de th\u00e9 ou d\u2019infusion dans une jolie case illustr\u00e9e. Une mani\u00e8re po\u00e9tique et gourmande de patienter [&hellip;]<\/p>\n","protected":false},"featured_media":28721,"comment_status":"closed","ping_status":"closed","template":"","meta":[],"product_brand":[],"product_cat":[85,87],"product_tag":[],"class_list":{"0":"post-28723","1":"product","2":"type-product","3":"status-publish","4":"has-post-thumbnail","6":"product_cat-thes","7":"product_cat-en-sachet","8":"pa_fournisseur-tea-heritage","10":"first","11":"instock","12":"taxable","13":"shipping-taxable","14":"purchasable","15":"product-type-simple"},"_links":{"self":[{"href":"https:\/\/jaimeconcept.ch\/en\/wp-json\/wp\/v2\/product\/28723","targetHints":{"allow":["GET"]}}],"collection":[{"href":"https:\/\/jaimeconcept.ch\/en\/wp-json\/wp\/v2\/product"}],"about":[{"href":"https:\/\/jaimeconcept.ch\/en\/wp-json\/wp\/v2\/types\/product"}],"replies":[{"embeddable":true,"href":"https:\/\/jaimeconcept.ch\/en\/wp-json\/wp\/v2\/comments?post=28723"}],"wp:featuredmedia":[{"embeddable":true,"href":"https:\/\/jaimeconcept.ch\/en\/wp-json\/wp\/v2\/media\/28721"}],"wp:attachment":[{"href":"https:\/\/jaimeconcept.ch\/en\/wp-json\/wp\/v2\/media?parent=28723"}],"wp:term":[{"taxonomy":"product_brand","embeddable":true,"href":"https:\/\/jaimeconcept.ch\/en\/wp-json\/wp\/v2\/product_brand?post=28723"},{"taxonomy":"product_cat","embeddable":true,"href":"https:\/\/jaimeconcept.ch\/en\/wp-json\/wp\/v2\/product_cat?post=28723"},{"taxonomy":"product_tag","embeddable":true,"href":"https:\/\/jaimeconcept.ch\/en\/wp-json\/wp\/v2\/product_tag?post=28723"}],"curies":[{"name":"wp","href":"https:\/\/api.w.org\/{rel}","templated":true}]}}