{"id":28685,"date":"2025-09-25T10:54:52","date_gmt":"2025-09-25T08:54:52","guid":{"rendered":"https:\/\/jaime-save.geekworkers.dev\/?post_type=product&#038;p=28685"},"modified":"2026-02-14T10:57:12","modified_gmt":"2026-02-14T09:57:12","slug":"lampe-de-poche-licorne","status":"publish","type":"product","link":"https:\/\/jaimeconcept.ch\/en\/product\/lampe-de-poche-licorne\/","title":{"rendered":"Unicorn torch"},"content":{"rendered":"<p>Une lampe de poche ludique, originale et fonctionnelle \u00e0 la fois. Id\u00e9ale pour de petites aventures, des promenades nocturnes ou comme gadget charmant. Batterie int\u00e9gr\u00e9e. Autonomie d&#8217;environ 12 heures &#8211; 2 modes, lumi\u00e8re continue ou clignotante pour les situations dangereuses &#8211; La dragonne peut \u00eatre ouverte pour \u00eatre fix\u00e9e \u00e0 un sac \u00e0 dos ou autre.<\/p>","protected":false},"excerpt":{"rendered":"<p>Une lampe de poche ludique, originale et fonctionnelle \u00e0 la fois. Id\u00e9ale pour de petites aventures, des promenades nocturnes ou comme gadget charmant. Batterie int\u00e9gr\u00e9e. Autonomie d&#8217;environ 12 heures &#8211; 2 modes, lumi\u00e8re continue ou clignotante pour les situations dangereuses &#8211; La dragonne peut \u00eatre ouverte pour \u00eatre fix\u00e9e \u00e0 un sac \u00e0 dos ou [&hellip;]<\/p>\n","protected":false},"featured_media":28643,"comment_status":"closed","ping_status":"closed","template":"","meta":[],"product_brand":[],"product_cat":[451],"product_tag":[],"class_list":{"0":"post-28685","1":"product","2":"type-product","3":"status-publish","4":"has-post-thumbnail","6":"product_cat-high-tech-electronique","8":"first","9":"instock","10":"taxable","11":"shipping-taxable","12":"purchasable","13":"product-type-simple"},"_links":{"self":[{"href":"https:\/\/jaimeconcept.ch\/en\/wp-json\/wp\/v2\/product\/28685","targetHints":{"allow":["GET"]}}],"collection":[{"href":"https:\/\/jaimeconcept.ch\/en\/wp-json\/wp\/v2\/product"}],"about":[{"href":"https:\/\/jaimeconcept.ch\/en\/wp-json\/wp\/v2\/types\/product"}],"replies":[{"embeddable":true,"href":"https:\/\/jaimeconcept.ch\/en\/wp-json\/wp\/v2\/comments?post=28685"}],"wp:featuredmedia":[{"embeddable":true,"href":"https:\/\/jaimeconcept.ch\/en\/wp-json\/wp\/v2\/media\/28643"}],"wp:attachment":[{"href":"https:\/\/jaimeconcept.ch\/en\/wp-json\/wp\/v2\/media?parent=28685"}],"wp:term":[{"taxonomy":"product_brand","embeddable":true,"href":"https:\/\/jaimeconcept.ch\/en\/wp-json\/wp\/v2\/product_brand?post=28685"},{"taxonomy":"product_cat","embeddable":true,"href":"https:\/\/jaimeconcept.ch\/en\/wp-json\/wp\/v2\/product_cat?post=28685"},{"taxonomy":"product_tag","embeddable":true,"href":"https:\/\/jaimeconcept.ch\/en\/wp-json\/wp\/v2\/product_tag?post=28685"}],"curies":[{"name":"wp","href":"https:\/\/api.w.org\/{rel}","templated":true}]}}