{"id":28675,"date":"2025-09-25T10:13:32","date_gmt":"2025-09-25T08:13:32","guid":{"rendered":"https:\/\/jaime-save.geekworkers.dev\/?post_type=product&#038;p=28675"},"modified":"2026-02-14T14:17:24","modified_gmt":"2026-02-14T13:17:24","slug":"n95-spiced-latte-format-500ml","status":"publish","type":"product","link":"https:\/\/jaimeconcept.ch\/en\/product\/n95-spiced-latte-format-500ml\/","title":{"rendered":"N\u00b095 - Spiced Latte - Format : 500ml"},"content":{"rendered":"<p>Autrefois r\u00e9serv\u00e9 aux \u00e9lites royales de l&#8217;Inde, le Chai Latte est une boisson parfum\u00e9e aux \u00e9pices sacr\u00e9es, telles que la cardamome et le clou de girofle. Cette recette ancestrale, un m\u00e9lange de th\u00e9 noir et de lait \u00e9pic\u00e9, \u00e9tait un \u00e9lixir de confort et de chaleur pendant les froides soir\u00e9es de palais.<\/p>","protected":false},"excerpt":{"rendered":"<p>Autrefois r\u00e9serv\u00e9 aux \u00e9lites royales de l&#8217;Inde, le Chai Latte est une boisson parfum\u00e9e aux \u00e9pices sacr\u00e9es, telles que la cardamome et le clou de girofle. Cette recette ancestrale, un m\u00e9lange de th\u00e9 noir et de lait \u00e9pic\u00e9, \u00e9tait un \u00e9lixir de confort et de chaleur pendant les froides soir\u00e9es de palais.<\/p>","protected":false},"featured_media":28641,"comment_status":"closed","ping_status":"closed","template":"","meta":[],"product_brand":[540],"product_cat":[80],"product_tag":[],"class_list":{"0":"post-28675","1":"product","2":"type-product","3":"status-publish","4":"has-post-thumbnail","6":"product_brand-hello-candle","7":"product_cat-bougies","8":"pa_fournisseur-hello-candle","10":"first","11":"instock","12":"taxable","13":"shipping-taxable","14":"purchasable","15":"product-type-simple"},"_links":{"self":[{"href":"https:\/\/jaimeconcept.ch\/en\/wp-json\/wp\/v2\/product\/28675","targetHints":{"allow":["GET"]}}],"collection":[{"href":"https:\/\/jaimeconcept.ch\/en\/wp-json\/wp\/v2\/product"}],"about":[{"href":"https:\/\/jaimeconcept.ch\/en\/wp-json\/wp\/v2\/types\/product"}],"replies":[{"embeddable":true,"href":"https:\/\/jaimeconcept.ch\/en\/wp-json\/wp\/v2\/comments?post=28675"}],"wp:featuredmedia":[{"embeddable":true,"href":"https:\/\/jaimeconcept.ch\/en\/wp-json\/wp\/v2\/media\/28641"}],"wp:attachment":[{"href":"https:\/\/jaimeconcept.ch\/en\/wp-json\/wp\/v2\/media?parent=28675"}],"wp:term":[{"taxonomy":"product_brand","embeddable":true,"href":"https:\/\/jaimeconcept.ch\/en\/wp-json\/wp\/v2\/product_brand?post=28675"},{"taxonomy":"product_cat","embeddable":true,"href":"https:\/\/jaimeconcept.ch\/en\/wp-json\/wp\/v2\/product_cat?post=28675"},{"taxonomy":"product_tag","embeddable":true,"href":"https:\/\/jaimeconcept.ch\/en\/wp-json\/wp\/v2\/product_tag?post=28675"}],"curies":[{"name":"wp","href":"https:\/\/api.w.org\/{rel}","templated":true}]}}