{"id":28668,"date":"2025-09-25T10:02:29","date_gmt":"2025-09-25T08:02:29","guid":{"rendered":"https:\/\/jaime-save.geekworkers.dev\/?post_type=product&#038;p=28668"},"modified":"2026-02-14T14:17:14","modified_gmt":"2026-02-14T13:17:14","slug":"n93-the-noir-vanille-format-180ml","status":"publish","type":"product","link":"https:\/\/jaimeconcept.ch\/en\/product\/n93-the-noir-vanille-format-180ml\/","title":{"rendered":"N\u00b093 - Black Vanilla Tea - Format : 180ml"},"content":{"rendered":"<p>Au XVIIe si\u00e8cle, le th\u00e9 noir devint un symbole de raffinement dans les salons europ\u00e9ens. Parall\u00e8lement, la vanille, import\u00e9e d&#8217;Am\u00e9rique centrale, apporta une douceur exotique aux cr\u00e9ations culinaires. Aujourd&#8217;hui, cette alliance entre th\u00e9 noir et vanille incarne l&#8217;\u00e9l\u00e9gance et le confort d&#8217;un instant privil\u00e9gi\u00e9.<\/p>","protected":false},"excerpt":{"rendered":"<p>Au XVIIe si\u00e8cle, le th\u00e9 noir devint un symbole de raffinement dans les salons europ\u00e9ens. Parall\u00e8lement, la vanille, import\u00e9e d&#8217;Am\u00e9rique centrale, apporta une douceur exotique aux cr\u00e9ations culinaires. Aujourd&#8217;hui, cette alliance entre th\u00e9 noir et vanille incarne l&#8217;\u00e9l\u00e9gance et le confort d&#8217;un instant privil\u00e9gi\u00e9.<\/p>","protected":false},"featured_media":28629,"comment_status":"closed","ping_status":"closed","template":"","meta":[],"product_brand":[540],"product_cat":[80],"product_tag":[],"class_list":{"0":"post-28668","1":"product","2":"type-product","3":"status-publish","4":"has-post-thumbnail","6":"product_brand-hello-candle","7":"product_cat-bougies","8":"pa_fournisseur-hello-candle","10":"first","11":"instock","12":"taxable","13":"shipping-taxable","14":"purchasable","15":"product-type-simple"},"_links":{"self":[{"href":"https:\/\/jaimeconcept.ch\/en\/wp-json\/wp\/v2\/product\/28668","targetHints":{"allow":["GET"]}}],"collection":[{"href":"https:\/\/jaimeconcept.ch\/en\/wp-json\/wp\/v2\/product"}],"about":[{"href":"https:\/\/jaimeconcept.ch\/en\/wp-json\/wp\/v2\/types\/product"}],"replies":[{"embeddable":true,"href":"https:\/\/jaimeconcept.ch\/en\/wp-json\/wp\/v2\/comments?post=28668"}],"wp:featuredmedia":[{"embeddable":true,"href":"https:\/\/jaimeconcept.ch\/en\/wp-json\/wp\/v2\/media\/28629"}],"wp:attachment":[{"href":"https:\/\/jaimeconcept.ch\/en\/wp-json\/wp\/v2\/media?parent=28668"}],"wp:term":[{"taxonomy":"product_brand","embeddable":true,"href":"https:\/\/jaimeconcept.ch\/en\/wp-json\/wp\/v2\/product_brand?post=28668"},{"taxonomy":"product_cat","embeddable":true,"href":"https:\/\/jaimeconcept.ch\/en\/wp-json\/wp\/v2\/product_cat?post=28668"},{"taxonomy":"product_tag","embeddable":true,"href":"https:\/\/jaimeconcept.ch\/en\/wp-json\/wp\/v2\/product_tag?post=28668"}],"curies":[{"name":"wp","href":"https:\/\/api.w.org\/{rel}","templated":true}]}}