{"id":28666,"date":"2025-09-25T09:56:12","date_gmt":"2025-09-25T07:56:12","guid":{"rendered":"https:\/\/jaime-save.geekworkers.dev\/?post_type=product&#038;p=28666"},"modified":"2026-04-26T12:38:36","modified_gmt":"2026-04-26T10:38:36","slug":"n89-cinnamon-format-180ml","status":"publish","type":"product","link":"https:\/\/jaimeconcept.ch\/en\/product\/n89-cinnamon-format-180ml\/","title":{"rendered":"N\u00b089 - Cinnamon - Format : 180ml"},"content":{"rendered":"<p>La cannelle, cette \u00e9pice divine, \u00e9voque la chaleur des march\u00e9s exotiques et l&#8217;intensit\u00e9 des saveurs d&#8217;antan. Une fragrance qui entrelace douceur et piquant, telle une danse entre le sable chaud et la brise \u00e9pic\u00e9e des \u00eeles.<\/p>","protected":false},"excerpt":{"rendered":"<p>La cannelle, cette \u00e9pice divine, \u00e9voque la chaleur des march\u00e9s exotiques et l&#8217;intensit\u00e9 des saveurs d&#8217;antan. Une fragrance qui entrelace douceur et piquant, telle une danse entre le sable chaud et la brise \u00e9pic\u00e9e des \u00eeles.<\/p>","protected":false},"featured_media":28628,"comment_status":"closed","ping_status":"closed","template":"","meta":[],"product_brand":[540],"product_cat":[80],"product_tag":[],"class_list":{"0":"post-28666","1":"product","2":"type-product","3":"status-publish","4":"has-post-thumbnail","6":"product_brand-hello-candle","7":"product_cat-bougies","8":"pa_fournisseur-hello-candle","10":"first","11":"instock","12":"taxable","13":"shipping-taxable","14":"purchasable","15":"product-type-simple"},"_links":{"self":[{"href":"https:\/\/jaimeconcept.ch\/en\/wp-json\/wp\/v2\/product\/28666","targetHints":{"allow":["GET"]}}],"collection":[{"href":"https:\/\/jaimeconcept.ch\/en\/wp-json\/wp\/v2\/product"}],"about":[{"href":"https:\/\/jaimeconcept.ch\/en\/wp-json\/wp\/v2\/types\/product"}],"replies":[{"embeddable":true,"href":"https:\/\/jaimeconcept.ch\/en\/wp-json\/wp\/v2\/comments?post=28666"}],"wp:featuredmedia":[{"embeddable":true,"href":"https:\/\/jaimeconcept.ch\/en\/wp-json\/wp\/v2\/media\/28628"}],"wp:attachment":[{"href":"https:\/\/jaimeconcept.ch\/en\/wp-json\/wp\/v2\/media?parent=28666"}],"wp:term":[{"taxonomy":"product_brand","embeddable":true,"href":"https:\/\/jaimeconcept.ch\/en\/wp-json\/wp\/v2\/product_brand?post=28666"},{"taxonomy":"product_cat","embeddable":true,"href":"https:\/\/jaimeconcept.ch\/en\/wp-json\/wp\/v2\/product_cat?post=28666"},{"taxonomy":"product_tag","embeddable":true,"href":"https:\/\/jaimeconcept.ch\/en\/wp-json\/wp\/v2\/product_tag?post=28666"}],"curies":[{"name":"wp","href":"https:\/\/api.w.org\/{rel}","templated":true}]}}