{"id":28664,"date":"2025-09-25T09:49:12","date_gmt":"2025-09-25T07:49:12","guid":{"rendered":"https:\/\/jaime-save.geekworkers.dev\/?post_type=product&#038;p=28664"},"modified":"2026-04-02T16:40:34","modified_gmt":"2026-04-02T14:40:34","slug":"n50-bois-de-rose-format-180ml","status":"publish","type":"product","link":"https:\/\/jaimeconcept.ch\/en\/product\/n50-bois-de-rose-format-180ml\/","title":{"rendered":"N\u00b050 - Rosewood - Format : 180ml"},"content":{"rendered":"<p>Utilis\u00e9 depuis des d\u00e9cennies en marqueterie fine, l&#8217;ar\u00f4me subtil du bois de rose, avec ses accents floraux et bois\u00e9s, rappelle les cr\u00e9ations artisanales d&#8217;Asie du Sud-Est, o\u00f9 il est pris\u00e9 pour sa beaut\u00e9 et son parfum d\u00e9licat.<\/p>","protected":false},"excerpt":{"rendered":"<p>Utilis\u00e9 depuis des d\u00e9cennies en marqueterie fine, l&#8217;ar\u00f4me subtil du bois de rose, avec ses accents floraux et bois\u00e9s, rappelle les cr\u00e9ations artisanales d&#8217;Asie du Sud-Est, o\u00f9 il est pris\u00e9 pour sa beaut\u00e9 et son parfum d\u00e9licat.<\/p>","protected":false},"featured_media":28627,"comment_status":"closed","ping_status":"closed","template":"","meta":[],"product_brand":[540],"product_cat":[80],"product_tag":[],"class_list":{"0":"post-28664","1":"product","2":"type-product","3":"status-publish","4":"has-post-thumbnail","6":"product_brand-hello-candle","7":"product_cat-bougies","8":"pa_fournisseur-hello-candle","10":"first","11":"instock","12":"taxable","13":"shipping-taxable","14":"purchasable","15":"product-type-simple"},"_links":{"self":[{"href":"https:\/\/jaimeconcept.ch\/en\/wp-json\/wp\/v2\/product\/28664","targetHints":{"allow":["GET"]}}],"collection":[{"href":"https:\/\/jaimeconcept.ch\/en\/wp-json\/wp\/v2\/product"}],"about":[{"href":"https:\/\/jaimeconcept.ch\/en\/wp-json\/wp\/v2\/types\/product"}],"replies":[{"embeddable":true,"href":"https:\/\/jaimeconcept.ch\/en\/wp-json\/wp\/v2\/comments?post=28664"}],"wp:featuredmedia":[{"embeddable":true,"href":"https:\/\/jaimeconcept.ch\/en\/wp-json\/wp\/v2\/media\/28627"}],"wp:attachment":[{"href":"https:\/\/jaimeconcept.ch\/en\/wp-json\/wp\/v2\/media?parent=28664"}],"wp:term":[{"taxonomy":"product_brand","embeddable":true,"href":"https:\/\/jaimeconcept.ch\/en\/wp-json\/wp\/v2\/product_brand?post=28664"},{"taxonomy":"product_cat","embeddable":true,"href":"https:\/\/jaimeconcept.ch\/en\/wp-json\/wp\/v2\/product_cat?post=28664"},{"taxonomy":"product_tag","embeddable":true,"href":"https:\/\/jaimeconcept.ch\/en\/wp-json\/wp\/v2\/product_tag?post=28664"}],"curies":[{"name":"wp","href":"https:\/\/api.w.org\/{rel}","templated":true}]}}