{"id":28663,"date":"2025-09-25T09:46:22","date_gmt":"2025-09-25T07:46:22","guid":{"rendered":"https:\/\/jaime-save.geekworkers.dev\/?post_type=product&#038;p=28663"},"modified":"2026-04-26T12:38:28","modified_gmt":"2026-04-26T10:38:28","slug":"n104-pumpkin-pie-format-500ml","status":"publish","type":"product","link":"https:\/\/jaimeconcept.ch\/en\/product\/n104-pumpkin-pie-format-500ml\/","title":{"rendered":"N\u00b0104 - Pumpkin Pie - Format : 500ml"},"content":{"rendered":"<p>La tarte \u00e0 la citrouille est n\u00e9e dans les fermes am\u00e9ricaines du XIXe si\u00e8cle, devenant un incontournable de Thanksgiving. Son parfum sucr\u00e9 et \u00e9pic\u00e9, entre la douceur de la citrouille et l&#8217;ar\u00f4me des \u00e9pices, vous enveloppe d&#8217;une sensation de confort et de convivialit\u00e9.<\/p>","protected":false},"excerpt":{"rendered":"<p>La tarte \u00e0 la citrouille est n\u00e9e dans les fermes am\u00e9ricaines du XIXe si\u00e8cle, devenant un incontournable de Thanksgiving. Son parfum sucr\u00e9 et \u00e9pic\u00e9, entre la douceur de la citrouille et l&#8217;ar\u00f4me des \u00e9pices, vous enveloppe d&#8217;une sensation de confort et de convivialit\u00e9.<\/p>","protected":false},"featured_media":28637,"comment_status":"closed","ping_status":"closed","template":"","meta":[],"product_brand":[540],"product_cat":[80],"product_tag":[],"class_list":{"0":"post-28663","1":"product","2":"type-product","3":"status-publish","4":"has-post-thumbnail","6":"product_brand-hello-candle","7":"product_cat-bougies","9":"first","10":"instock","11":"taxable","12":"shipping-taxable","13":"purchasable","14":"product-type-simple"},"_links":{"self":[{"href":"https:\/\/jaimeconcept.ch\/en\/wp-json\/wp\/v2\/product\/28663","targetHints":{"allow":["GET"]}}],"collection":[{"href":"https:\/\/jaimeconcept.ch\/en\/wp-json\/wp\/v2\/product"}],"about":[{"href":"https:\/\/jaimeconcept.ch\/en\/wp-json\/wp\/v2\/types\/product"}],"replies":[{"embeddable":true,"href":"https:\/\/jaimeconcept.ch\/en\/wp-json\/wp\/v2\/comments?post=28663"}],"wp:featuredmedia":[{"embeddable":true,"href":"https:\/\/jaimeconcept.ch\/en\/wp-json\/wp\/v2\/media\/28637"}],"wp:attachment":[{"href":"https:\/\/jaimeconcept.ch\/en\/wp-json\/wp\/v2\/media?parent=28663"}],"wp:term":[{"taxonomy":"product_brand","embeddable":true,"href":"https:\/\/jaimeconcept.ch\/en\/wp-json\/wp\/v2\/product_brand?post=28663"},{"taxonomy":"product_cat","embeddable":true,"href":"https:\/\/jaimeconcept.ch\/en\/wp-json\/wp\/v2\/product_cat?post=28663"},{"taxonomy":"product_tag","embeddable":true,"href":"https:\/\/jaimeconcept.ch\/en\/wp-json\/wp\/v2\/product_tag?post=28663"}],"curies":[{"name":"wp","href":"https:\/\/api.w.org\/{rel}","templated":true}]}}