{"id":25782,"date":"2025-06-02T11:07:56","date_gmt":"2025-06-02T09:07:56","guid":{"rendered":"https:\/\/jaime-save.geekworkers.dev\/?post_type=product&#038;p=25782"},"modified":"2026-03-07T16:20:51","modified_gmt":"2026-03-07T15:20:51","slug":"n106-lady-grey-format-500ml","status":"publish","type":"product","link":"https:\/\/jaimeconcept.ch\/en\/product\/n106-lady-grey-format-500ml\/","title":{"rendered":"N\u00b0106 - Lady Grey - Format : 500ml"},"content":{"rendered":"<p>Depuis des si\u00e8cles, la bergamote parfume les c\u00f4tes italiennes de son \u00e9clat ensoleill\u00e9. Cet agrume rare, cultiv\u00e9 exclusivement en Calabre, offre une essence p\u00e9tillante et raffin\u00e9e, utilis\u00e9e jadis pour sublimer l&#8217;eau de Cologne des rois.<\/p>","protected":false},"excerpt":{"rendered":"<p>Depuis des si\u00e8cles, la bergamote parfume les c\u00f4tes italiennes de son \u00e9clat ensoleill\u00e9. Cet agrume rare, cultiv\u00e9 exclusivement en Calabre, offre une essence p\u00e9tillante et raffin\u00e9e, utilis\u00e9e jadis pour sublimer l&#8217;eau de Cologne des rois.<\/p>","protected":false},"featured_media":25769,"comment_status":"closed","ping_status":"closed","template":"","meta":[],"product_brand":[540],"product_cat":[80],"product_tag":[],"class_list":{"0":"post-25782","1":"product","2":"type-product","3":"status-publish","4":"has-post-thumbnail","6":"product_brand-hello-candle","7":"product_cat-bougies","9":"first","10":"instock","11":"taxable","12":"shipping-taxable","13":"purchasable","14":"product-type-simple"},"_links":{"self":[{"href":"https:\/\/jaimeconcept.ch\/en\/wp-json\/wp\/v2\/product\/25782","targetHints":{"allow":["GET"]}}],"collection":[{"href":"https:\/\/jaimeconcept.ch\/en\/wp-json\/wp\/v2\/product"}],"about":[{"href":"https:\/\/jaimeconcept.ch\/en\/wp-json\/wp\/v2\/types\/product"}],"replies":[{"embeddable":true,"href":"https:\/\/jaimeconcept.ch\/en\/wp-json\/wp\/v2\/comments?post=25782"}],"wp:featuredmedia":[{"embeddable":true,"href":"https:\/\/jaimeconcept.ch\/en\/wp-json\/wp\/v2\/media\/25769"}],"wp:attachment":[{"href":"https:\/\/jaimeconcept.ch\/en\/wp-json\/wp\/v2\/media?parent=25782"}],"wp:term":[{"taxonomy":"product_brand","embeddable":true,"href":"https:\/\/jaimeconcept.ch\/en\/wp-json\/wp\/v2\/product_brand?post=25782"},{"taxonomy":"product_cat","embeddable":true,"href":"https:\/\/jaimeconcept.ch\/en\/wp-json\/wp\/v2\/product_cat?post=25782"},{"taxonomy":"product_tag","embeddable":true,"href":"https:\/\/jaimeconcept.ch\/en\/wp-json\/wp\/v2\/product_tag?post=25782"}],"curies":[{"name":"wp","href":"https:\/\/api.w.org\/{rel}","templated":true}]}}