{"id":25776,"date":"2025-06-02T10:48:54","date_gmt":"2025-06-02T08:48:54","guid":{"rendered":"https:\/\/jaime-save.geekworkers.dev\/?post_type=product&#038;p=25776"},"modified":"2026-02-14T14:17:06","modified_gmt":"2026-02-14T13:17:06","slug":"n106-lady-grey-format-180ml","status":"publish","type":"product","link":"https:\/\/jaimeconcept.ch\/en\/product\/n106-lady-grey-format-180ml\/","title":{"rendered":"N\u00b0106 - Lady Grey - Format : 180ml"},"content":{"rendered":"<p>Depuis des si\u00e8cles, la bergamote parfume les c\u00f4tes italiennes de son \u00e9clat ensoleill\u00e9. Cet agrume rare, cultiv\u00e9 exclusivement en Calabre, offre une essence p\u00e9tillante et raffin\u00e9e, utilis\u00e9e jadis pour sublimer l&#8217;eau de Cologne des rois.<\/p>","protected":false},"excerpt":{"rendered":"<p>Depuis des si\u00e8cles, la bergamote parfume les c\u00f4tes italiennes de son \u00e9clat ensoleill\u00e9. Cet agrume rare, cultiv\u00e9 exclusivement en Calabre, offre une essence p\u00e9tillante et raffin\u00e9e, utilis\u00e9e jadis pour sublimer l&#8217;eau de Cologne des rois.<\/p>","protected":false},"featured_media":25763,"comment_status":"closed","ping_status":"closed","template":"","meta":[],"product_brand":[540],"product_cat":[80],"product_tag":[],"class_list":{"0":"post-25776","1":"product","2":"type-product","3":"status-publish","4":"has-post-thumbnail","6":"product_brand-hello-candle","7":"product_cat-bougies","9":"first","10":"instock","11":"taxable","12":"shipping-taxable","13":"purchasable","14":"product-type-simple"},"_links":{"self":[{"href":"https:\/\/jaimeconcept.ch\/en\/wp-json\/wp\/v2\/product\/25776","targetHints":{"allow":["GET"]}}],"collection":[{"href":"https:\/\/jaimeconcept.ch\/en\/wp-json\/wp\/v2\/product"}],"about":[{"href":"https:\/\/jaimeconcept.ch\/en\/wp-json\/wp\/v2\/types\/product"}],"replies":[{"embeddable":true,"href":"https:\/\/jaimeconcept.ch\/en\/wp-json\/wp\/v2\/comments?post=25776"}],"wp:featuredmedia":[{"embeddable":true,"href":"https:\/\/jaimeconcept.ch\/en\/wp-json\/wp\/v2\/media\/25763"}],"wp:attachment":[{"href":"https:\/\/jaimeconcept.ch\/en\/wp-json\/wp\/v2\/media?parent=25776"}],"wp:term":[{"taxonomy":"product_brand","embeddable":true,"href":"https:\/\/jaimeconcept.ch\/en\/wp-json\/wp\/v2\/product_brand?post=25776"},{"taxonomy":"product_cat","embeddable":true,"href":"https:\/\/jaimeconcept.ch\/en\/wp-json\/wp\/v2\/product_cat?post=25776"},{"taxonomy":"product_tag","embeddable":true,"href":"https:\/\/jaimeconcept.ch\/en\/wp-json\/wp\/v2\/product_tag?post=25776"}],"curies":[{"name":"wp","href":"https:\/\/api.w.org\/{rel}","templated":true}]}}