{"id":25244,"date":"2025-05-14T21:42:33","date_gmt":"2025-05-14T19:42:33","guid":{"rendered":"https:\/\/jaime-save.geekworkers.dev\/?post_type=product&#038;p=25244"},"modified":"2026-02-04T14:02:38","modified_gmt":"2026-02-04T13:02:38","slug":"gin-honey-lime-six-dogs-75cl","status":"publish","type":"product","link":"https:\/\/jaimeconcept.ch\/en\/product\/gin-honey-lime-six-dogs-75cl\/","title":{"rendered":"Honey Lime Gin - Six Dogs - 75cl"},"content":{"rendered":"<p>Chez Six Dogs, tout a commenc\u00e9, comme tant de bonnes choses, de la mani\u00e8re la plus humble : un hangar qui abritait habituellement leurs six chiens et un vieux chauffe-eau en cuivre transform\u00e9 en alambic. De l\u00e0 est n\u00e9 le r\u00eave de cr\u00e9er un gin qui ferait la diff\u00e9rence dans le secteur des distilleries artisanales sud-africaines et \u00e0 l&#8217;\u00e9tranger.<\/p>","protected":false},"excerpt":{"rendered":"<p>Six Dogs Honey Lime est le r\u00e9sultat in\u00e9vitable d&#8217;un projet de d\u00e9veloppement durable qui a d\u00e9but\u00e9 lorsque la soci\u00e9t\u00e9 sud-africaine de conservation des abeilles Bee Smiths nous a contact\u00e9s pour relocaliser les abeilles sauv\u00e9es dans la ferme o\u00f9 se trouve notre distillerie. Alors que nos six chiens ont rapidement appris \u00e0 garder une distance respectueuse des ruches, nous avons appris que la combinaison de miel de ferme et de citrons verts cultiv\u00e9s sur place, m\u00e9lang\u00e9s au meilleur alcool botanique, est irr\u00e9sistible. Savourez-le et vous go\u00fbterez une douceur subtile qui tranche avec le piquant des citrons verts. Le Six Dogs Honey Lime se d\u00e9guste de pr\u00e9f\u00e9rence avec de la glace et un bon tonic indien lors d&#8217;une chaude journ\u00e9e d&#8217;\u00e9t\u00e9.<\/p>","protected":false},"featured_media":25241,"comment_status":"closed","ping_status":"closed","template":"","meta":[],"product_brand":[],"product_cat":[474],"product_tag":[],"class_list":{"0":"post-25244","1":"product","2":"type-product","3":"status-publish","4":"has-post-thumbnail","6":"product_cat-boissons_alcoolisees","8":"first","9":"instock","10":"taxable","11":"shipping-taxable","12":"purchasable","13":"product-type-simple"},"_links":{"self":[{"href":"https:\/\/jaimeconcept.ch\/en\/wp-json\/wp\/v2\/product\/25244","targetHints":{"allow":["GET"]}}],"collection":[{"href":"https:\/\/jaimeconcept.ch\/en\/wp-json\/wp\/v2\/product"}],"about":[{"href":"https:\/\/jaimeconcept.ch\/en\/wp-json\/wp\/v2\/types\/product"}],"replies":[{"embeddable":true,"href":"https:\/\/jaimeconcept.ch\/en\/wp-json\/wp\/v2\/comments?post=25244"}],"wp:featuredmedia":[{"embeddable":true,"href":"https:\/\/jaimeconcept.ch\/en\/wp-json\/wp\/v2\/media\/25241"}],"wp:attachment":[{"href":"https:\/\/jaimeconcept.ch\/en\/wp-json\/wp\/v2\/media?parent=25244"}],"wp:term":[{"taxonomy":"product_brand","embeddable":true,"href":"https:\/\/jaimeconcept.ch\/en\/wp-json\/wp\/v2\/product_brand?post=25244"},{"taxonomy":"product_cat","embeddable":true,"href":"https:\/\/jaimeconcept.ch\/en\/wp-json\/wp\/v2\/product_cat?post=25244"},{"taxonomy":"product_tag","embeddable":true,"href":"https:\/\/jaimeconcept.ch\/en\/wp-json\/wp\/v2\/product_tag?post=25244"}],"curies":[{"name":"wp","href":"https:\/\/api.w.org\/{rel}","templated":true}]}}