{"id":24738,"date":"2025-05-09T09:21:16","date_gmt":"2025-05-09T07:21:16","guid":{"rendered":"https:\/\/jaime-save.geekworkers.dev\/?post_type=product&#038;p=24738"},"modified":"2026-02-16T17:25:06","modified_gmt":"2026-02-16T16:25:06","slug":"boite-breakfast-club-10-sachets-de-the","status":"publish","type":"product","link":"https:\/\/jaimeconcept.ch\/en\/product\/boite-breakfast-club-10-sachets-de-the\/","title":{"rendered":"BREAKFAST CLUB BOX - 10 TEA BAGS"},"content":{"rendered":"<p>BREAKFAST CLUB BOX - 10 TEA BAGS<\/p>\n<p>R\u00e9veillez vos matins avec le &#8216;Breakfast Club&#8217; \u2013 une bo\u00eete exclusive contenant 10 sachets de th\u00e9 et rooibos bio aux formes et saveurs vari\u00e9es pour un petit d\u00e9jeuner unique.<\/p>\n<p>Parfait pour d\u00e9marrer la journ\u00e9e avec fantaisie et d\u00e9licatesse.\u00a0????????<\/p>","protected":false},"excerpt":{"rendered":"<p>BOITE BREAKFAST CLUB &#8211; 10 SACHETS DE TH\u00c9 R\u00e9veillez vos matins avec le &#8216;Breakfast Club&#8217; \u2013 une bo\u00eete exclusive contenant 10 sachets de th\u00e9 et rooibos bio aux formes et saveurs vari\u00e9es pour un petit d\u00e9jeuner unique. Parfait pour d\u00e9marrer la journ\u00e9e avec fantaisie et d\u00e9licatesse.\u00a0????????<\/p>","protected":false},"featured_media":24725,"comment_status":"closed","ping_status":"closed","template":"","meta":[],"product_brand":[],"product_cat":[85,87],"product_tag":[],"class_list":{"0":"post-24738","1":"product","2":"type-product","3":"status-publish","4":"has-post-thumbnail","6":"product_cat-thes","7":"product_cat-en-sachet","8":"pa_fournisseur-tea-heritage","10":"first","11":"instock","12":"taxable","13":"shipping-taxable","14":"purchasable","15":"product-type-simple"},"_links":{"self":[{"href":"https:\/\/jaimeconcept.ch\/en\/wp-json\/wp\/v2\/product\/24738","targetHints":{"allow":["GET"]}}],"collection":[{"href":"https:\/\/jaimeconcept.ch\/en\/wp-json\/wp\/v2\/product"}],"about":[{"href":"https:\/\/jaimeconcept.ch\/en\/wp-json\/wp\/v2\/types\/product"}],"replies":[{"embeddable":true,"href":"https:\/\/jaimeconcept.ch\/en\/wp-json\/wp\/v2\/comments?post=24738"}],"wp:featuredmedia":[{"embeddable":true,"href":"https:\/\/jaimeconcept.ch\/en\/wp-json\/wp\/v2\/media\/24725"}],"wp:attachment":[{"href":"https:\/\/jaimeconcept.ch\/en\/wp-json\/wp\/v2\/media?parent=24738"}],"wp:term":[{"taxonomy":"product_brand","embeddable":true,"href":"https:\/\/jaimeconcept.ch\/en\/wp-json\/wp\/v2\/product_brand?post=24738"},{"taxonomy":"product_cat","embeddable":true,"href":"https:\/\/jaimeconcept.ch\/en\/wp-json\/wp\/v2\/product_cat?post=24738"},{"taxonomy":"product_tag","embeddable":true,"href":"https:\/\/jaimeconcept.ch\/en\/wp-json\/wp\/v2\/product_tag?post=24738"}],"curies":[{"name":"wp","href":"https:\/\/api.w.org\/{rel}","templated":true}]}}