{"id":24481,"date":"2025-05-03T14:15:06","date_gmt":"2025-05-03T12:15:06","guid":{"rendered":"https:\/\/jaime-save.geekworkers.dev\/?post_type=product&#038;p=24481"},"modified":"2026-02-21T21:28:57","modified_gmt":"2026-02-21T20:28:57","slug":"carnet-vierge-pas-de-culotte-les-avantages","status":"publish","type":"product","link":"https:\/\/jaimeconcept.ch\/en\/product\/carnet-vierge-pas-de-culotte-les-avantages\/","title":{"rendered":"Carnet vierge - \u201cNo panties: the advantages\u201d (in French)\u201d"},"content":{"rendered":"<p>Cet ouvrage de re\u0301fe\u0301rence combine aucune the\u0301orie, pas l\u2019ombre d\u2019un conseil, ze\u0301ro piste de re\u0301flexion, pas d\u2019exemple concret et aucun exercice pratique.<\/p>\n<p>Que des pages blanches pour \u00e9crire vos m\u00e9moires, faire marrer les ami(e)s ou d\u00e9corer votre table basse !<\/p>\n<p>Un allie\u0301 utile du quotidien, bien plus que votre ami(e) qui n\u2019y connait strictement rien et qui vous filera des conseils pourris.<\/p>","protected":false},"excerpt":{"rendered":"<p>Papier recycl\u00e9<br \/>\nFabrication fran\u00e7aise<br \/>\n\u00c9paisseur : 1 cm<br \/>\nFormat A6<br \/>\nDimensions : 140 x 210 ouvert<br \/>\nPages blanches<\/p>","protected":false},"featured_media":24307,"comment_status":"closed","ping_status":"closed","template":"","meta":[],"product_brand":[],"product_cat":[477],"product_tag":[],"class_list":{"0":"post-24481","1":"product","2":"type-product","3":"status-publish","4":"has-post-thumbnail","6":"product_cat-carnet-vierge","8":"first","9":"instock","10":"taxable","11":"shipping-taxable","12":"purchasable","13":"product-type-simple"},"_links":{"self":[{"href":"https:\/\/jaimeconcept.ch\/en\/wp-json\/wp\/v2\/product\/24481","targetHints":{"allow":["GET"]}}],"collection":[{"href":"https:\/\/jaimeconcept.ch\/en\/wp-json\/wp\/v2\/product"}],"about":[{"href":"https:\/\/jaimeconcept.ch\/en\/wp-json\/wp\/v2\/types\/product"}],"replies":[{"embeddable":true,"href":"https:\/\/jaimeconcept.ch\/en\/wp-json\/wp\/v2\/comments?post=24481"}],"wp:featuredmedia":[{"embeddable":true,"href":"https:\/\/jaimeconcept.ch\/en\/wp-json\/wp\/v2\/media\/24307"}],"wp:attachment":[{"href":"https:\/\/jaimeconcept.ch\/en\/wp-json\/wp\/v2\/media?parent=24481"}],"wp:term":[{"taxonomy":"product_brand","embeddable":true,"href":"https:\/\/jaimeconcept.ch\/en\/wp-json\/wp\/v2\/product_brand?post=24481"},{"taxonomy":"product_cat","embeddable":true,"href":"https:\/\/jaimeconcept.ch\/en\/wp-json\/wp\/v2\/product_cat?post=24481"},{"taxonomy":"product_tag","embeddable":true,"href":"https:\/\/jaimeconcept.ch\/en\/wp-json\/wp\/v2\/product_tag?post=24481"}],"curies":[{"name":"wp","href":"https:\/\/api.w.org\/{rel}","templated":true}]}}