{"id":24468,"date":"2025-05-03T11:51:56","date_gmt":"2025-05-03T09:51:56","guid":{"rendered":"https:\/\/jaime-save.geekworkers.dev\/?post_type=product&#038;p=24468"},"modified":"2026-02-27T00:46:57","modified_gmt":"2026-02-26T23:46:57","slug":"huile-dolive-extra-vierge-au-citron-200-ml","status":"publish","type":"product","link":"https:\/\/jaimeconcept.ch\/en\/product\/huile-dolive-extra-vierge-au-citron-200-ml\/","title":{"rendered":"Extra virgin olive oil with lemon - 200 ml"},"content":{"rendered":"<table width=\"2047\">\n<tbody>\n<tr>\n<td width=\"2047\">Comment am\u00e9liorer un classique ? Ajoutez-y plus de saveur ! L&#8217;huile d&#8217;olive extra vierge de &#8220;Yiayia and friends&#8221;, faible en acidit\u00e9 et riche en nutriments, press\u00e9e \u00e0 froid avec des citrons frais. Disponible en flacon de 200 ml.<\/td>\n<\/tr>\n<\/tbody>\n<\/table>","protected":false},"excerpt":{"rendered":"<p>Chez Yiayia, le naturel est toujours meilleur. Une huile d&#8217;olive de Cr\u00e8te d&#8217;une qualit\u00e9 exceptionnelle. Sans additifs ind\u00e9sirables, juste la douceur naturelle.<\/p>","protected":false},"featured_media":24301,"comment_status":"closed","ping_status":"closed","template":"","meta":[],"product_brand":[],"product_cat":[475],"product_tag":[],"class_list":{"0":"post-24468","1":"product","2":"type-product","3":"status-publish","4":"has-post-thumbnail","6":"product_cat-huiles","8":"first","9":"instock","10":"taxable","11":"shipping-taxable","12":"purchasable","13":"product-type-simple"},"_links":{"self":[{"href":"https:\/\/jaimeconcept.ch\/en\/wp-json\/wp\/v2\/product\/24468","targetHints":{"allow":["GET"]}}],"collection":[{"href":"https:\/\/jaimeconcept.ch\/en\/wp-json\/wp\/v2\/product"}],"about":[{"href":"https:\/\/jaimeconcept.ch\/en\/wp-json\/wp\/v2\/types\/product"}],"replies":[{"embeddable":true,"href":"https:\/\/jaimeconcept.ch\/en\/wp-json\/wp\/v2\/comments?post=24468"}],"wp:featuredmedia":[{"embeddable":true,"href":"https:\/\/jaimeconcept.ch\/en\/wp-json\/wp\/v2\/media\/24301"}],"wp:attachment":[{"href":"https:\/\/jaimeconcept.ch\/en\/wp-json\/wp\/v2\/media?parent=24468"}],"wp:term":[{"taxonomy":"product_brand","embeddable":true,"href":"https:\/\/jaimeconcept.ch\/en\/wp-json\/wp\/v2\/product_brand?post=24468"},{"taxonomy":"product_cat","embeddable":true,"href":"https:\/\/jaimeconcept.ch\/en\/wp-json\/wp\/v2\/product_cat?post=24468"},{"taxonomy":"product_tag","embeddable":true,"href":"https:\/\/jaimeconcept.ch\/en\/wp-json\/wp\/v2\/product_tag?post=24468"}],"curies":[{"name":"wp","href":"https:\/\/api.w.org\/{rel}","templated":true}]}}